{"id":6898,"date":"2024-10-17T06:30:13","date_gmt":"2024-10-17T06:30:13","guid":{"rendered":"https:\/\/staging.moguntia.com\/grosskunden\/"},"modified":"2026-02-18T12:22:27","modified_gmt":"2026-02-18T12:22:27","slug":"zielmaerkte","status":"publish","type":"page","link":"https:\/\/www.moguntia.com\/de\/zielmaerkte\/","title":{"rendered":"Zielm\u00e4rkte"},"content":{"rendered":"\t\t<div data-elementor-type=\"wp-page\" data-elementor-id=\"6898\" class=\"elementor elementor-6898 elementor-1822\" data-elementor-post-type=\"page\">\n\t\t\t\t<div class=\"elementor-element elementor-element-2b1f9c57 e-flex e-con-boxed e-con e-parent\" data-id=\"2b1f9c57\" data-element_type=\"container\" data-e-type=\"container\" data-settings=\"{&quot;background_background&quot;:&quot;classic&quot;,&quot;jet_parallax_layout_list&quot;:[]}\">\n\t\t\t\t\t<div class=\"e-con-inner\">\n\t\t\t\t<div class=\"elementor-element elementor-element-251faceb elementor-widget elementor-widget-elementskit-heading\" data-id=\"251faceb\" data-element_type=\"widget\" data-e-type=\"widget\" data-widget_type=\"elementskit-heading.default\">\n\t\t\t\t<div class=\"elementor-widget-container\">\n\t\t\t\t\t<div class=\"ekit-wid-con\" ><div class=\"ekit-heading elementskit-section-title-wraper text_center   ekit_heading_tablet-text_center   ekit_heading_mobile-text_center\"><h2 class=\"ekit-heading--title elementskit-section-title \">Unsere Zielm\u00e4rkte<\/h2><\/div><\/div>\t\t\t\t<\/div>\n\t\t\t\t<\/div>\n\t\t\t\t\t<\/div>\n\t\t\t\t<\/div>\n\t\t\t\t<section class=\"elementor-section elementor-inner-section elementor-element elementor-element-60f41c7a elementor-section-boxed elementor-section-height-default elementor-section-height-default\" data-id=\"60f41c7a\" data-element_type=\"section\" data-e-type=\"section\" data-settings=\"{&quot;jet_parallax_layout_list&quot;:[],&quot;background_background&quot;:&quot;classic&quot;}\">\n\t\t\t\t\t\t<div class=\"elementor-container elementor-column-gap-no\">\n\t\t\t\t\t<div class=\"elementor-column elementor-col-100 elementor-inner-column elementor-element elementor-element-3a391d29\" data-id=\"3a391d29\" data-element_type=\"column\" data-e-type=\"column\">\n\t\t\t<div class=\"elementor-widget-wrap elementor-element-populated\">\n\t\t\t\t\t\t<div class=\"elementor-element elementor-element-12677e8f elementor-widget elementor-widget-elementskit-heading\" data-id=\"12677e8f\" data-element_type=\"widget\" data-e-type=\"widget\" data-widget_type=\"elementskit-heading.default\">\n\t\t\t\t<div class=\"elementor-widget-container\">\n\t\t\t\t\t<div class=\"ekit-wid-con\" ><div class=\"ekit-heading elementskit-section-title-wraper text_center   ekit_heading_tablet-   ekit_heading_mobile-text_center\"><h2 class=\"ekit-heading--title elementskit-section-title \">Unsere <span>Branchen<\/span> <\/h2>\t\t\t\t<div class='ekit-heading__description'>\n\t\t\t\t\t<p>Entdecken Sie, welche M\u00e4rkte wir geschmacklich bereichern!<\/p>\n\t\t\t\t<\/div>\n\t\t\t<\/div><\/div>\t\t\t\t<\/div>\n\t\t\t\t<\/div>\n\t\t\t\t<div class=\"elementor-element elementor-element-3c9b17a elementor-widget elementor-widget-image\" data-id=\"3c9b17a\" data-element_type=\"widget\" data-e-type=\"widget\" data-widget_type=\"image.default\">\n\t\t\t\t<div class=\"elementor-widget-container\">\n\t\t\t\t\t\t\t\t\t\t\t\t\t\t\t<img decoding=\"async\" width=\"800\" height=\"50\" src=\"https:\/\/www.moguntia.com\/wp-content\/uploads\/2026\/01\/Mmm-Taste-The-Power-of-Food-1.gif\" class=\"attachment-full size-full wp-image-6775\" alt=\"\" \/>\t\t\t\t\t\t\t\t\t\t\t\t\t\t\t<\/div>\n\t\t\t\t<\/div>\n\t\t\t\t<div class=\"elementor-element elementor-element-18ba94fa elementor-widget elementor-widget-spacer\" data-id=\"18ba94fa\" data-element_type=\"widget\" data-e-type=\"widget\" data-widget_type=\"spacer.default\">\n\t\t\t\t<div class=\"elementor-widget-container\">\n\t\t\t\t\t\t\t<div class=\"elementor-spacer\">\n\t\t\t<div class=\"elementor-spacer-inner\"><\/div>\n\t\t<\/div>\n\t\t\t\t\t\t<\/div>\n\t\t\t\t<\/div>\n\t\t\t\t\t<\/div>\n\t\t<\/div>\n\t\t\t\t\t<\/div>\n\t\t<\/section>\n\t\t\t\t<section class=\"elementor-section elementor-inner-section elementor-element elementor-element-c7f2f36 elementor-section-boxed elementor-section-height-default elementor-section-height-default\" data-id=\"c7f2f36\" data-element_type=\"section\" data-e-type=\"section\" data-settings=\"{&quot;jet_parallax_layout_list&quot;:[],&quot;background_background&quot;:&quot;classic&quot;}\">\n\t\t\t\t\t\t<div class=\"elementor-container elementor-column-gap-no\">\n\t\t\t\t\t<div class=\"elementor-column elementor-col-100 elementor-inner-column elementor-element elementor-element-c3154f7\" data-id=\"c3154f7\" data-element_type=\"column\" data-e-type=\"column\">\n\t\t\t<div class=\"elementor-widget-wrap elementor-element-populated\">\n\t\t\t\t\t\t<div class=\"elementor-element elementor-element-fdd117f ekit-image-accordion-hover ekit-image-accordion-mobile-vertical ekit-image-accordion-horizontal elementor-widget elementor-widget-elementskit-image-accordion\" data-id=\"fdd117f\" data-element_type=\"widget\" data-e-type=\"widget\" data-widget_type=\"elementskit-image-accordion.default\">\n\t\t\t\t<div class=\"elementor-widget-container\">\n\t\t\t\t\t<div class=\"ekit-wid-con\" >\t\t<div class=\"ekit-image-accordion elementskit-image-accordion-wraper\">\n\t\t\t                <input type=\"radio\" name=\"ekit_ia_fdd117f\" id=\"ekit_ia_fdd117f_0\" class=\"elementskit-single-image-accordion--input\" hidden>\n                <label for=\"ekit_ia_fdd117f_0\" class=\"elementskit-single-image-accordion ekit-image-accordion-item\" style=\"background-image: url(https:\/\/www.moguntia.com\/wp-content\/uploads\/2026\/02\/Boiled-sausage-with-ketchup-on-a-black-plate-695-x-750.jpg)\">\n                    <span class=\"elementskit-accordion-content\">\n\t\t\t\t\t\t\t\t\t\t\t\t\t<span class=\"elementskit-accordion-title-wraper\">\n\t\t\t\t\t\t\t\t<span class=\"elementskit-accordion-title \">\n\t\t\t\t\t\t\t\t\n\t\t\t\t\t\t\t\tFleischerhandwerk\n\t\t\t\t\t\t\t\t\t\t\t\t\t\t\t\t<\/span>\n\t\t\t\t\t\t\t<\/span>\n\t\t\t\t\t\t\t\t\t\t\t\t\t\t<span class=\"elementskit-btn-wraper\">\n\t\t\t\t\t\t\t\t<a class=\"ekit-image-accordion--btn elementskit-btn whitespace--normal\" href=\"https:\/\/www.moguntia.com\/de\/butchers-trade\/\">\n\t\t\t\t\t\t\t\t\tMehr erleben\t\t\t\t\t\t\t\t<\/a>\n\t\t\t\t\t\t\t<\/span>\n\t\t\t\t\t\t                    <\/span>\n                <\/label>\n                            <input type=\"radio\" name=\"ekit_ia_fdd117f\" id=\"ekit_ia_fdd117f_1\" class=\"elementskit-single-image-accordion--input\" hidden>\n                <label for=\"ekit_ia_fdd117f_1\" class=\"elementskit-single-image-accordion ekit-image-accordion-item\" style=\"background-image: url(https:\/\/www.moguntia.com\/wp-content\/uploads\/2026\/02\/Fish-and-Chips-1200x800-1.jpg)\">\n                    <span class=\"elementskit-accordion-content\">\n\t\t\t\t\t\t\t\t\t\t\t\t\t<span class=\"elementskit-accordion-title-wraper\">\n\t\t\t\t\t\t\t\t<span class=\"elementskit-accordion-title \">\n\t\t\t\t\t\t\t\t\n\t\t\t\t\t\t\t\tLebensmittelindustrie\n\t\t\t\t\t\t\t\t\t\t\t\t\t\t\t\t<\/span>\n\t\t\t\t\t\t\t<\/span>\n\t\t\t\t\t\t\t\t\t\t\t\t\t\t<span class=\"elementskit-btn-wraper\">\n\t\t\t\t\t\t\t\t<a class=\"ekit-image-accordion--btn elementskit-btn whitespace--normal\" href=\"https:\/\/www.moguntia.com\/de\/lebensmittelindustrie\/\">\n\t\t\t\t\t\t\t\t\tMehr erleben\t\t\t\t\t\t\t\t<\/a>\n\t\t\t\t\t\t\t<\/span>\n\t\t\t\t\t\t                    <\/span>\n                <\/label>\n                            <input type=\"radio\" name=\"ekit_ia_fdd117f\" id=\"ekit_ia_fdd117f_2\" class=\"elementskit-single-image-accordion--input\" hidden>\n                <label for=\"ekit_ia_fdd117f_2\" class=\"elementskit-single-image-accordion ekit-image-accordion-item\" style=\"background-image: url(https:\/\/www.moguntia.com\/wp-content\/uploads\/2026\/02\/pate-apple-1200x780-1.jpg)\">\n                    <span class=\"elementskit-accordion-content\">\n\t\t\t\t\t\t\t\t\t\t\t\t\t<span class=\"elementskit-accordion-title-wraper\">\n\t\t\t\t\t\t\t\t<span class=\"elementskit-accordion-title \">\n\t\t\t\t\t\t\t\t\n\t\t\t\t\t\t\t\tFleischindustrie\n\t\t\t\t\t\t\t\t\t\t\t\t\t\t\t\t<\/span>\n\t\t\t\t\t\t\t<\/span>\n\t\t\t\t\t\t\t\t\t\t\t\t\t\t<span class=\"elementskit-btn-wraper\">\n\t\t\t\t\t\t\t\t<a class=\"ekit-image-accordion--btn elementskit-btn whitespace--normal\" href=\"https:\/\/www.moguntia.com\/de\/meat-industry\/\">\n\t\t\t\t\t\t\t\t\tMehr erleben\t\t\t\t\t\t\t\t<\/a>\n\t\t\t\t\t\t\t<\/span>\n\t\t\t\t\t\t                    <\/span>\n                <\/label>\n                    <\/div>\n    <\/div>\t\t\t\t<\/div>\n\t\t\t\t<\/div>\n\t\t\t\t\t<\/div>\n\t\t<\/div>\n\t\t\t\t\t<\/div>\n\t\t<\/section>\n\t\t\t\t<section class=\"elementor-section elementor-inner-section elementor-element elementor-element-4ae7d21d elementor-section-boxed elementor-section-height-default elementor-section-height-default\" data-id=\"4ae7d21d\" data-element_type=\"section\" data-e-type=\"section\" data-settings=\"{&quot;jet_parallax_layout_list&quot;:[],&quot;background_background&quot;:&quot;classic&quot;}\">\n\t\t\t\t\t\t<div class=\"elementor-container elementor-column-gap-no\">\n\t\t\t\t\t<div class=\"elementor-column elementor-col-100 elementor-inner-column elementor-element elementor-element-1936682d\" data-id=\"1936682d\" data-element_type=\"column\" data-e-type=\"column\">\n\t\t\t<div class=\"elementor-widget-wrap elementor-element-populated\">\n\t\t\t\t\t\t<div class=\"elementor-element elementor-element-55b054a6 ekit-image-accordion-hover ekit-image-accordion-mobile-vertical ekit-image-accordion-horizontal elementor-widget elementor-widget-elementskit-image-accordion\" data-id=\"55b054a6\" data-element_type=\"widget\" data-e-type=\"widget\" data-widget_type=\"elementskit-image-accordion.default\">\n\t\t\t\t<div class=\"elementor-widget-container\">\n\t\t\t\t\t<div class=\"ekit-wid-con\" >\t\t<div class=\"ekit-image-accordion elementskit-image-accordion-wraper\">\n\t\t\t                <input type=\"radio\" name=\"ekit_ia_55b054a6\" id=\"ekit_ia_55b054a6_0\" class=\"elementskit-single-image-accordion--input\" hidden>\n                <label for=\"ekit_ia_55b054a6_0\" class=\"elementskit-single-image-accordion ekit-image-accordion-item\" style=\"background-image: url(https:\/\/www.moguntia.com\/wp-content\/uploads\/2024\/09\/Trendbroschuere-8-von-9-1500.png)\">\n                    <span class=\"elementskit-accordion-content\">\n\t\t\t\t\t\t\t\t\t\t\t\t\t<span class=\"elementskit-accordion-title-wraper\">\n\t\t\t\t\t\t\t\t<span class=\"elementskit-accordion-title \">\n\t\t\t\t\t\t\t\t\n\t\t\t\t\t\t\t\tLebensmitteleinzelhandel\n\t\t\t\t\t\t\t\t\t\t\t\t\t\t\t\t<\/span>\n\t\t\t\t\t\t\t<\/span>\n\t\t\t\t\t\t\t\t\t\t\t\t\t\t<span class=\"elementskit-btn-wraper\">\n\t\t\t\t\t\t\t\t<a class=\"ekit-image-accordion--btn elementskit-btn whitespace--normal\" href=\"https:\/\/www.moguntia.com\/de\/food-retail\/\">\n\t\t\t\t\t\t\t\t\tMehr erleben\t\t\t\t\t\t\t\t<\/a>\n\t\t\t\t\t\t\t<\/span>\n\t\t\t\t\t\t                    <\/span>\n                <\/label>\n                            <input type=\"radio\" name=\"ekit_ia_55b054a6\" id=\"ekit_ia_55b054a6_1\" class=\"elementskit-single-image-accordion--input\" hidden>\n                <label for=\"ekit_ia_55b054a6_1\" class=\"elementskit-single-image-accordion ekit-image-accordion-item\" style=\"background-image: url(https:\/\/www.moguntia.com\/wp-content\/uploads\/2024\/09\/Portrait.png)\">\n                    <span class=\"elementskit-accordion-content\">\n\t\t\t\t\t\t\t\t\t\t\t\t\t<span class=\"elementskit-accordion-title-wraper\">\n\t\t\t\t\t\t\t\t<span class=\"elementskit-accordion-title \">\n\t\t\t\t\t\t\t\t\n\t\t\t\t\t\t\t\tPrivate Label\n\t\t\t\t\t\t\t\t\t\t\t\t\t\t\t\t<\/span>\n\t\t\t\t\t\t\t<\/span>\n\t\t\t\t\t\t\t\t\t\t\t\t\t\t<span class=\"elementskit-btn-wraper\">\n\t\t\t\t\t\t\t\t<a class=\"ekit-image-accordion--btn elementskit-btn whitespace--normal\" href=\"https:\/\/www.moguntia.com\/de\/private-label\/\">\n\t\t\t\t\t\t\t\t\tMehr erleben\t\t\t\t\t\t\t\t<\/a>\n\t\t\t\t\t\t\t<\/span>\n\t\t\t\t\t\t                    <\/span>\n                <\/label>\n                            <input type=\"radio\" name=\"ekit_ia_55b054a6\" id=\"ekit_ia_55b054a6_2\" class=\"elementskit-single-image-accordion--input\" hidden>\n                <label for=\"ekit_ia_55b054a6_2\" class=\"elementskit-single-image-accordion ekit-image-accordion-item\" style=\"background-image: url(https:\/\/www.moguntia.com\/wp-content\/uploads\/2025\/12\/soupssauce-650x650-1.png)\">\n                    <span class=\"elementskit-accordion-content\">\n\t\t\t\t\t\t\t\t\t\t\t\t\t<span class=\"elementskit-accordion-title-wraper\">\n\t\t\t\t\t\t\t\t<span class=\"elementskit-accordion-title \">\n\t\t\t\t\t\t\t\t\n\t\t\t\t\t\t\t\tFood Service\n\t\t\t\t\t\t\t\t\t\t\t\t\t\t\t\t<\/span>\n\t\t\t\t\t\t\t<\/span>\n\t\t\t\t\t\t\t\t\t\t\t\t\t\t<span class=\"elementskit-btn-wraper\">\n\t\t\t\t\t\t\t\t<a class=\"ekit-image-accordion--btn elementskit-btn whitespace--normal\" href=\"https:\/\/www.moguntia.com\/de\/food-service\/\">\n\t\t\t\t\t\t\t\t\tMehr erleben\t\t\t\t\t\t\t\t<\/a>\n\t\t\t\t\t\t\t<\/span>\n\t\t\t\t\t\t                    <\/span>\n                <\/label>\n                    <\/div>\n    <\/div>\t\t\t\t<\/div>\n\t\t\t\t<\/div>\n\t\t\t\t\t<\/div>\n\t\t<\/div>\n\t\t\t\t\t<\/div>\n\t\t<\/section>\n\t\t\t\t<\/div>\n\t\t","protected":false},"excerpt":{"rendered":"<p>Unsere Zielm\u00e4rkte Unsere Branchen Entdecken Sie, welche M\u00e4rkte wir geschmacklich bereichern! Fleischerhandwerk Mehr erleben Lebensmittelindustrie Mehr erleben Fleischindustrie Mehr erleben Lebensmitteleinzelhandel Mehr erleben Private Label Mehr erleben Food Service Mehr erleben<\/p>\n","protected":false},"author":3,"featured_media":0,"parent":0,"menu_order":0,"comment_status":"closed","ping_status":"closed","template":"","meta":{"footnotes":""},"class_list":["post-6898","page","type-page","status-publish","hentry"],"yoast_head":"<!-- This site is optimized with the Yoast SEO plugin v27.3 - https:\/\/yoast.com\/product\/yoast-seo-wordpress\/ -->\n<title>Zielm\u00e4rkte - MOGUNTIA FOOD GROUP<\/title>\n<meta name=\"robots\" content=\"index, follow, max-snippet:-1, max-image-preview:large, max-video-preview:-1\" \/>\n<link rel=\"canonical\" href=\"https:\/\/www.moguntia.com\/de\/zielmaerkte\/\" \/>\n<meta property=\"og:locale\" content=\"de_DE\" \/>\n<meta property=\"og:type\" content=\"article\" \/>\n<meta property=\"og:title\" content=\"Zielm\u00e4rkte - MOGUNTIA FOOD GROUP\" \/>\n<meta property=\"og:description\" content=\"Unsere Zielm\u00e4rkte Unsere Branchen Entdecken Sie, welche M\u00e4rkte wir geschmacklich bereichern! Fleischerhandwerk Mehr erleben Lebensmittelindustrie Mehr erleben Fleischindustrie Mehr erleben Lebensmitteleinzelhandel Mehr erleben Private Label Mehr erleben Food Service Mehr erleben\" \/>\n<meta property=\"og:url\" content=\"https:\/\/www.moguntia.com\/de\/zielmaerkte\/\" \/>\n<meta property=\"og:site_name\" content=\"MOGUNTIA FOOD GROUP\" \/>\n<meta property=\"article:publisher\" content=\"https:\/\/www.facebook.com\/moguntiafoodgroup\/\" \/>\n<meta property=\"article:modified_time\" content=\"2026-02-18T12:22:27+00:00\" \/>\n<meta property=\"og:image\" content=\"https:\/\/www.moguntia.com\/wp-content\/uploads\/2026\/01\/Mmm-Taste-The-Power-of-Food-1.gif\" \/>\n\t<meta property=\"og:image:width\" content=\"800\" \/>\n\t<meta property=\"og:image:height\" content=\"50\" \/>\n\t<meta property=\"og:image:type\" content=\"image\/gif\" \/>\n<meta name=\"twitter:card\" content=\"summary_large_image\" \/>\n<script type=\"application\/ld+json\" class=\"yoast-schema-graph\">{\"@context\":\"https:\\\/\\\/schema.org\",\"@graph\":[{\"@type\":\"WebPage\",\"@id\":\"https:\\\/\\\/www.moguntia.com\\\/de\\\/zielmaerkte\\\/\",\"url\":\"https:\\\/\\\/www.moguntia.com\\\/de\\\/zielmaerkte\\\/\",\"name\":\"Zielm\u00e4rkte - MOGUNTIA FOOD GROUP\",\"isPartOf\":{\"@id\":\"https:\\\/\\\/www.moguntia.com\\\/de\\\/#website\"},\"primaryImageOfPage\":{\"@id\":\"https:\\\/\\\/www.moguntia.com\\\/de\\\/zielmaerkte\\\/#primaryimage\"},\"image\":{\"@id\":\"https:\\\/\\\/www.moguntia.com\\\/de\\\/zielmaerkte\\\/#primaryimage\"},\"thumbnailUrl\":\"https:\\\/\\\/www.moguntia.com\\\/wp-content\\\/uploads\\\/2026\\\/01\\\/Mmm-Taste-The-Power-of-Food-1.gif\",\"datePublished\":\"2024-10-17T06:30:13+00:00\",\"dateModified\":\"2026-02-18T12:22:27+00:00\",\"breadcrumb\":{\"@id\":\"https:\\\/\\\/www.moguntia.com\\\/de\\\/zielmaerkte\\\/#breadcrumb\"},\"inLanguage\":\"de\",\"potentialAction\":[{\"@type\":\"ReadAction\",\"target\":[\"https:\\\/\\\/www.moguntia.com\\\/de\\\/zielmaerkte\\\/\"]}]},{\"@type\":\"ImageObject\",\"inLanguage\":\"de\",\"@id\":\"https:\\\/\\\/www.moguntia.com\\\/de\\\/zielmaerkte\\\/#primaryimage\",\"url\":\"https:\\\/\\\/www.moguntia.com\\\/wp-content\\\/uploads\\\/2026\\\/01\\\/Mmm-Taste-The-Power-of-Food-1.gif\",\"contentUrl\":\"https:\\\/\\\/www.moguntia.com\\\/wp-content\\\/uploads\\\/2026\\\/01\\\/Mmm-Taste-The-Power-of-Food-1.gif\"},{\"@type\":\"BreadcrumbList\",\"@id\":\"https:\\\/\\\/www.moguntia.com\\\/de\\\/zielmaerkte\\\/#breadcrumb\",\"itemListElement\":[{\"@type\":\"ListItem\",\"position\":1,\"name\":\"Home\",\"item\":\"https:\\\/\\\/www.moguntia.com\\\/de\\\/\"},{\"@type\":\"ListItem\",\"position\":2,\"name\":\"Zielm\u00e4rkte\"}]},{\"@type\":\"WebSite\",\"@id\":\"https:\\\/\\\/www.moguntia.com\\\/de\\\/#website\",\"url\":\"https:\\\/\\\/www.moguntia.com\\\/de\\\/\",\"name\":\"MOGUNTIA FOOD GROUP\",\"description\":\"Taste the power of Food\",\"publisher\":{\"@id\":\"https:\\\/\\\/www.moguntia.com\\\/de\\\/#organization\"},\"potentialAction\":[{\"@type\":\"SearchAction\",\"target\":{\"@type\":\"EntryPoint\",\"urlTemplate\":\"https:\\\/\\\/www.moguntia.com\\\/de\\\/?s={search_term_string}\"},\"query-input\":{\"@type\":\"PropertyValueSpecification\",\"valueRequired\":true,\"valueName\":\"search_term_string\"}}],\"inLanguage\":\"de\"},{\"@type\":\"Organization\",\"@id\":\"https:\\\/\\\/www.moguntia.com\\\/de\\\/#organization\",\"name\":\"MOGUNTIA FOOD GROUP\",\"url\":\"https:\\\/\\\/www.moguntia.com\\\/de\\\/\",\"logo\":{\"@type\":\"ImageObject\",\"inLanguage\":\"de\",\"@id\":\"https:\\\/\\\/www.moguntia.com\\\/de\\\/#\\\/schema\\\/logo\\\/image\\\/\",\"url\":\"https:\\\/\\\/www.moguntia.com\\\/wp-content\\\/uploads\\\/2026\\\/02\\\/Logo-primary-blau-HG-scaliert-scaled-1.png\",\"contentUrl\":\"https:\\\/\\\/www.moguntia.com\\\/wp-content\\\/uploads\\\/2026\\\/02\\\/Logo-primary-blau-HG-scaliert-scaled-1.png\",\"width\":2560,\"height\":907,\"caption\":\"MOGUNTIA FOOD GROUP\"},\"image\":{\"@id\":\"https:\\\/\\\/www.moguntia.com\\\/de\\\/#\\\/schema\\\/logo\\\/image\\\/\"},\"sameAs\":[\"https:\\\/\\\/www.facebook.com\\\/moguntiafoodgroup\\\/\"]}]}<\/script>\n<!-- \/ Yoast SEO plugin. -->","yoast_head_json":{"title":"Zielm\u00e4rkte - MOGUNTIA FOOD GROUP","robots":{"index":"index","follow":"follow","max-snippet":"max-snippet:-1","max-image-preview":"max-image-preview:large","max-video-preview":"max-video-preview:-1"},"canonical":"https:\/\/www.moguntia.com\/de\/zielmaerkte\/","og_locale":"de_DE","og_type":"article","og_title":"Zielm\u00e4rkte - MOGUNTIA FOOD GROUP","og_description":"Unsere Zielm\u00e4rkte Unsere Branchen Entdecken Sie, welche M\u00e4rkte wir geschmacklich bereichern! Fleischerhandwerk Mehr erleben Lebensmittelindustrie Mehr erleben Fleischindustrie Mehr erleben Lebensmitteleinzelhandel Mehr erleben Private Label Mehr erleben Food Service Mehr erleben","og_url":"https:\/\/www.moguntia.com\/de\/zielmaerkte\/","og_site_name":"MOGUNTIA FOOD GROUP","article_publisher":"https:\/\/www.facebook.com\/moguntiafoodgroup\/","article_modified_time":"2026-02-18T12:22:27+00:00","og_image":[{"width":800,"height":50,"url":"https:\/\/www.moguntia.com\/wp-content\/uploads\/2026\/01\/Mmm-Taste-The-Power-of-Food-1.gif","type":"image\/gif"}],"twitter_card":"summary_large_image","schema":{"@context":"https:\/\/schema.org","@graph":[{"@type":"WebPage","@id":"https:\/\/www.moguntia.com\/de\/zielmaerkte\/","url":"https:\/\/www.moguntia.com\/de\/zielmaerkte\/","name":"Zielm\u00e4rkte - MOGUNTIA FOOD GROUP","isPartOf":{"@id":"https:\/\/www.moguntia.com\/de\/#website"},"primaryImageOfPage":{"@id":"https:\/\/www.moguntia.com\/de\/zielmaerkte\/#primaryimage"},"image":{"@id":"https:\/\/www.moguntia.com\/de\/zielmaerkte\/#primaryimage"},"thumbnailUrl":"https:\/\/www.moguntia.com\/wp-content\/uploads\/2026\/01\/Mmm-Taste-The-Power-of-Food-1.gif","datePublished":"2024-10-17T06:30:13+00:00","dateModified":"2026-02-18T12:22:27+00:00","breadcrumb":{"@id":"https:\/\/www.moguntia.com\/de\/zielmaerkte\/#breadcrumb"},"inLanguage":"de","potentialAction":[{"@type":"ReadAction","target":["https:\/\/www.moguntia.com\/de\/zielmaerkte\/"]}]},{"@type":"ImageObject","inLanguage":"de","@id":"https:\/\/www.moguntia.com\/de\/zielmaerkte\/#primaryimage","url":"https:\/\/www.moguntia.com\/wp-content\/uploads\/2026\/01\/Mmm-Taste-The-Power-of-Food-1.gif","contentUrl":"https:\/\/www.moguntia.com\/wp-content\/uploads\/2026\/01\/Mmm-Taste-The-Power-of-Food-1.gif"},{"@type":"BreadcrumbList","@id":"https:\/\/www.moguntia.com\/de\/zielmaerkte\/#breadcrumb","itemListElement":[{"@type":"ListItem","position":1,"name":"Home","item":"https:\/\/www.moguntia.com\/de\/"},{"@type":"ListItem","position":2,"name":"Zielm\u00e4rkte"}]},{"@type":"WebSite","@id":"https:\/\/www.moguntia.com\/de\/#website","url":"https:\/\/www.moguntia.com\/de\/","name":"MOGUNTIA FOOD GROUP","description":"Taste the power of Food","publisher":{"@id":"https:\/\/www.moguntia.com\/de\/#organization"},"potentialAction":[{"@type":"SearchAction","target":{"@type":"EntryPoint","urlTemplate":"https:\/\/www.moguntia.com\/de\/?s={search_term_string}"},"query-input":{"@type":"PropertyValueSpecification","valueRequired":true,"valueName":"search_term_string"}}],"inLanguage":"de"},{"@type":"Organization","@id":"https:\/\/www.moguntia.com\/de\/#organization","name":"MOGUNTIA FOOD GROUP","url":"https:\/\/www.moguntia.com\/de\/","logo":{"@type":"ImageObject","inLanguage":"de","@id":"https:\/\/www.moguntia.com\/de\/#\/schema\/logo\/image\/","url":"https:\/\/www.moguntia.com\/wp-content\/uploads\/2026\/02\/Logo-primary-blau-HG-scaliert-scaled-1.png","contentUrl":"https:\/\/www.moguntia.com\/wp-content\/uploads\/2026\/02\/Logo-primary-blau-HG-scaliert-scaled-1.png","width":2560,"height":907,"caption":"MOGUNTIA FOOD GROUP"},"image":{"@id":"https:\/\/www.moguntia.com\/de\/#\/schema\/logo\/image\/"},"sameAs":["https:\/\/www.facebook.com\/moguntiafoodgroup\/"]}]}},"_links":{"self":[{"href":"https:\/\/www.moguntia.com\/de\/wp-json\/wp\/v2\/pages\/6898","targetHints":{"allow":["GET"]}}],"collection":[{"href":"https:\/\/www.moguntia.com\/de\/wp-json\/wp\/v2\/pages"}],"about":[{"href":"https:\/\/www.moguntia.com\/de\/wp-json\/wp\/v2\/types\/page"}],"author":[{"embeddable":true,"href":"https:\/\/www.moguntia.com\/de\/wp-json\/wp\/v2\/users\/3"}],"replies":[{"embeddable":true,"href":"https:\/\/www.moguntia.com\/de\/wp-json\/wp\/v2\/comments?post=6898"}],"version-history":[{"count":17,"href":"https:\/\/www.moguntia.com\/de\/wp-json\/wp\/v2\/pages\/6898\/revisions"}],"predecessor-version":[{"id":8347,"href":"https:\/\/www.moguntia.com\/de\/wp-json\/wp\/v2\/pages\/6898\/revisions\/8347"}],"wp:attachment":[{"href":"https:\/\/www.moguntia.com\/de\/wp-json\/wp\/v2\/media?parent=6898"}],"curies":[{"name":"wp","href":"https:\/\/api.w.org\/{rel}","templated":true}]}}