{"id":6904,"date":"2024-09-09T15:26:57","date_gmt":"2024-09-09T15:26:57","guid":{"rendered":"https:\/\/staging.moguntia.com\/fleischindustrie\/"},"modified":"2026-02-09T09:42:41","modified_gmt":"2026-02-09T09:42:41","slug":"fleischindustrie","status":"publish","type":"page","link":"https:\/\/www.moguntia.com\/de\/fleischindustrie\/","title":{"rendered":"Fleischindustrie"},"content":{"rendered":"\t\t<div data-elementor-type=\"wp-page\" data-elementor-id=\"6904\" class=\"elementor elementor-6904 elementor-517\" data-elementor-post-type=\"page\">\n\t\t\t\t<div class=\"elementor-element elementor-element-308902bc e-flex e-con-boxed e-con e-parent\" data-id=\"308902bc\" data-element_type=\"container\" data-e-type=\"container\" data-settings=\"{&quot;background_background&quot;:&quot;classic&quot;,&quot;jet_parallax_layout_list&quot;:[]}\">\n\t\t\t\t\t<div class=\"e-con-inner\">\n\t\t\t\t<div class=\"elementor-element elementor-element-425f61cc elementor-widget elementor-widget-elementskit-heading\" data-id=\"425f61cc\" data-element_type=\"widget\" data-e-type=\"widget\" data-widget_type=\"elementskit-heading.default\">\n\t\t\t\t<div class=\"elementor-widget-container\">\n\t\t\t\t\t<div class=\"ekit-wid-con\" ><div class=\"ekit-heading elementskit-section-title-wraper text_center   ekit_heading_tablet-text_center   ekit_heading_mobile-text_center\"><h2 class=\"ekit-heading--title elementskit-section-title \">Fleischindustrie<\/h2><h3 class=\"ekit-heading--subtitle elementskit-section-subtitle  \">\n\t\t\t\t\t\tErfolg f\u00fcr die Fleischindustrie\n\t\t\t\t\t<\/h3><\/div><\/div>\t\t\t\t<\/div>\n\t\t\t\t<\/div>\n\t\t\t\t\t<\/div>\n\t\t\t\t<\/div>\n\t\t<div class=\"elementor-element elementor-element-4d5a439c e-flex e-con-boxed e-con e-parent\" data-id=\"4d5a439c\" data-element_type=\"container\" data-e-type=\"container\" data-settings=\"{&quot;jet_parallax_layout_list&quot;:[]}\">\n\t\t\t\t\t<div class=\"e-con-inner\">\n\t\t<div class=\"elementor-element elementor-element-4ededc9c e-con-full e-flex e-con e-child\" data-id=\"4ededc9c\" data-element_type=\"container\" data-e-type=\"container\" data-settings=\"{&quot;jet_parallax_layout_list&quot;:[]}\">\n\t\t\t\t<div class=\"elementor-element elementor-element-524c3eba elementor-widget elementor-widget-image\" data-id=\"524c3eba\" data-element_type=\"widget\" data-e-type=\"widget\" data-widget_type=\"image.default\">\n\t\t\t\t<div class=\"elementor-widget-container\">\n\t\t\t\t\t\t\t\t\t\t\t\t\t\t\t<img fetchpriority=\"high\" decoding=\"async\" width=\"650\" height=\"650\" src=\"https:\/\/www.moguntia.com\/wp-content\/uploads\/2025\/12\/cutter-aids-650x650-1.png\" class=\"attachment-large size-large wp-image-6710\" alt=\"\" srcset=\"https:\/\/www.moguntia.com\/wp-content\/uploads\/2025\/12\/cutter-aids-650x650-1.png 650w, https:\/\/www.moguntia.com\/wp-content\/uploads\/2025\/12\/cutter-aids-650x650-1-300x300.png 300w, https:\/\/www.moguntia.com\/wp-content\/uploads\/2025\/12\/cutter-aids-650x650-1-150x150.png 150w\" sizes=\"(max-width: 650px) 100vw, 650px\" \/>\t\t\t\t\t\t\t\t\t\t\t\t\t\t\t<\/div>\n\t\t\t\t<\/div>\n\t\t\t\t<\/div>\n\t\t<div class=\"elementor-element elementor-element-5061b4fa e-con-full e-flex e-con e-child\" data-id=\"5061b4fa\" data-element_type=\"container\" data-e-type=\"container\" data-settings=\"{&quot;jet_parallax_layout_list&quot;:[]}\">\n\t\t\t\t<div class=\"elementor-element elementor-element-57b357f0 elementor-widget elementor-widget-heading\" data-id=\"57b357f0\" data-element_type=\"widget\" data-e-type=\"widget\" data-widget_type=\"heading.default\">\n\t\t\t\t<div class=\"elementor-widget-container\">\n\t\t\t\t\t<h5 class=\"elementor-heading-title elementor-size-default\">Ihr zuverl\u00e4ssiger Partner<\/h5>\t\t\t\t<\/div>\n\t\t\t\t<\/div>\n\t\t\t\t<div class=\"elementor-element elementor-element-607af61a elementor-widget-divider--view-line elementor-widget elementor-widget-divider\" data-id=\"607af61a\" data-element_type=\"widget\" data-e-type=\"widget\" data-widget_type=\"divider.default\">\n\t\t\t\t<div class=\"elementor-widget-container\">\n\t\t\t\t\t\t\t<div class=\"elementor-divider\">\n\t\t\t<span class=\"elementor-divider-separator\">\n\t\t\t\t\t\t<\/span>\n\t\t<\/div>\n\t\t\t\t\t\t<\/div>\n\t\t\t\t<\/div>\n\t\t\t\t<div class=\"elementor-element elementor-element-68d13d87 elementor-widget elementor-widget-elementskit-heading\" data-id=\"68d13d87\" data-element_type=\"widget\" data-e-type=\"widget\" data-widget_type=\"elementskit-heading.default\">\n\t\t\t\t<div class=\"elementor-widget-container\">\n\t\t\t\t\t<div class=\"ekit-wid-con\" ><div class=\"ekit-heading elementskit-section-title-wraper text_left   ekit_heading_tablet-text_center   ekit_heading_mobile-text_center\"><h2 class=\"ekit-heading--title elementskit-section-title \">Geschmacks <span>veredelung<\/span><\/h2>\t\t\t\t<div class='ekit-heading__description'>\n\t\t\t\t\t<p>Willkommen bei der MOGUNTIA FOOD GROUP, wo die Kunst des Geschmacks auf die Fleischindustrie trifft. Unsere Leidenschaft f\u00fchrt uns zur Optimierung aller Aspekte Ihres Fleischgesch\u00e4fts, von der Fleischverarbeitung bis hin zu kulinarischen Kreationen. Als Pioniere der Geschmacksinnovation bieten wir Ihnen erstklassige L\u00f6sungen, die Ihr Angebot aufwerten. Unsere Produkte sind auf Ihre individuellen Bed\u00fcrfnisse zugeschnitten und vereinen Qualit\u00e4t und Kreativit\u00e4t in jedem Bissen.<\/p>\n\t\t\t\t<\/div>\n\t\t\t<\/div><\/div>\t\t\t\t<\/div>\n\t\t\t\t<\/div>\n\t\t\t\t<\/div>\n\t\t\t\t\t<\/div>\n\t\t\t\t<\/div>\n\t\t<div class=\"elementor-element elementor-element-2819cffb e-flex e-con-boxed e-con e-parent\" data-id=\"2819cffb\" data-element_type=\"container\" data-e-type=\"container\" data-settings=\"{&quot;background_background&quot;:&quot;classic&quot;,&quot;jet_parallax_layout_list&quot;:[]}\">\n\t\t\t\t\t<div class=\"e-con-inner\">\n\t\t<div class=\"elementor-element elementor-element-26c47a89 e-con-full e-flex e-con e-child\" data-id=\"26c47a89\" data-element_type=\"container\" data-e-type=\"container\" data-settings=\"{&quot;jet_parallax_layout_list&quot;:[]}\">\n\t\t\t\t<div class=\"elementor-element elementor-element-794f3d7e ekit-equal-height-disable elementor-widget elementor-widget-elementskit-icon-box\" data-id=\"794f3d7e\" data-element_type=\"widget\" data-e-type=\"widget\" data-widget_type=\"elementskit-icon-box.default\">\n\t\t\t\t<div class=\"elementor-widget-container\">\n\t\t\t\t\t<div class=\"ekit-wid-con\" >        <!-- link opening -->\n                <!-- end link opening -->\n\n        <div class=\"elementskit-infobox text-center text-center icon-top-align elementor-animation-   \">\n                    <div class=\"elementskit-box-header elementor-animation-\">\n                <div class=\"elementskit-info-box-icon  \">\n                    \n                <\/div>\n          <\/div>\n                        <div class=\"box-body\">\n                            <h5 class=\"elementskit-info-box-title\">\n                    Gemeinsam neue Produkte und L\u00f6sungen entdecken.                <\/h5>\n                        \t\t  \t<p>Unser Expertenteam zeigt Ihnen den besten Weg zum Erfolg\n<\/p>\n                                <\/div>\n        \n        \n                <\/div>\n        <\/div>\t\t\t\t<\/div>\n\t\t\t\t<\/div>\n\t\t\t\t<\/div>\n\t\t\t\t\t<\/div>\n\t\t\t\t<\/div>\n\t\t<div class=\"elementor-element elementor-element-5860f58f e-flex e-con-boxed e-con e-parent\" data-id=\"5860f58f\" data-element_type=\"container\" data-e-type=\"container\" data-settings=\"{&quot;jet_parallax_layout_list&quot;:[]}\">\n\t\t\t\t\t<div class=\"e-con-inner\">\n\t\t<div class=\"elementor-element elementor-element-2587c1a7 e-con-full e-flex e-con e-child\" data-id=\"2587c1a7\" data-element_type=\"container\" data-e-type=\"container\" data-settings=\"{&quot;jet_parallax_layout_list&quot;:[]}\">\n\t\t\t\t<div class=\"elementor-element elementor-element-2fdef799 elementor-widget elementor-widget-heading\" data-id=\"2fdef799\" data-element_type=\"widget\" data-e-type=\"widget\" data-widget_type=\"heading.default\">\n\t\t\t\t<div class=\"elementor-widget-container\">\n\t\t\t\t\t<h5 class=\"elementor-heading-title elementor-size-default\">Was wir bieten<\/h5>\t\t\t\t<\/div>\n\t\t\t\t<\/div>\n\t\t\t\t<div class=\"elementor-element elementor-element-90f0a54 elementor-widget-divider--view-line elementor-widget elementor-widget-divider\" data-id=\"90f0a54\" data-element_type=\"widget\" data-e-type=\"widget\" data-widget_type=\"divider.default\">\n\t\t\t\t<div class=\"elementor-widget-container\">\n\t\t\t\t\t\t\t<div class=\"elementor-divider\">\n\t\t\t<span class=\"elementor-divider-separator\">\n\t\t\t\t\t\t<\/span>\n\t\t<\/div>\n\t\t\t\t\t\t<\/div>\n\t\t\t\t<\/div>\n\t\t\t\t<div class=\"elementor-element elementor-element-58db2575 elementor-widget elementor-widget-elementskit-heading\" data-id=\"58db2575\" data-element_type=\"widget\" data-e-type=\"widget\" data-widget_type=\"elementskit-heading.default\">\n\t\t\t\t<div class=\"elementor-widget-container\">\n\t\t\t\t\t<div class=\"ekit-wid-con\" ><div class=\"ekit-heading elementskit-section-title-wraper text_left   ekit_heading_tablet-text_center   ekit_heading_mobile-text_left\"><h2 class=\"ekit-heading--title elementskit-section-title \">Individueller <span>Kundensupport<\/span><\/h2>\t\t\t\t<div class='ekit-heading__description'>\n\t\t\t\t\t<p>Unsere Produktexperten kommen zu Ihnen vor Ort, besprechen Ihre Anforderungen und testen die Produkte direkt auf Ihren Anlagen, damit Ihr Team bestm\u00f6glich geschult ist.<\/p>\n\t\t\t\t<\/div>\n\t\t\t<\/div><\/div>\t\t\t\t<\/div>\n\t\t\t\t<\/div>\n\t\t<div class=\"elementor-element elementor-element-159d1198 e-flex e-con-boxed e-con e-child\" data-id=\"159d1198\" data-element_type=\"container\" data-e-type=\"container\" data-settings=\"{&quot;jet_parallax_layout_list&quot;:[]}\">\n\t\t\t\t\t<div class=\"e-con-inner\">\n\t\t\t\t<div class=\"elementor-element elementor-element-2a83c6ba ekit-equal-height-enable elementor-widget elementor-widget-elementskit-icon-box\" data-id=\"2a83c6ba\" data-element_type=\"widget\" data-e-type=\"widget\" data-widget_type=\"elementskit-icon-box.default\">\n\t\t\t\t<div class=\"elementor-widget-container\">\n\t\t\t\t\t<div class=\"ekit-wid-con\" >        <!-- link opening -->\n                <a href=\"#\" class=\"ekit_global_links\">\n                <!-- end link opening -->\n\n        <div class=\"elementskit-infobox text-left text-left icon-lef-right-aligin elementor-animation- media  \">\n                    <div class=\"elementskit-box-header elementor-animation-\">\n                <div class=\"elementskit-info-box-icon  text-center\">\n                    <i aria-hidden=\"true\" class=\"elementkit-infobox-icon icon icon-vegetables\"><\/i>\n                <\/div>\n          <\/div>\n                        <div class=\"box-body\">\n                            <h5 class=\"elementskit-info-box-title\">\n                    Wir unterst\u00fctzen moderne Ern\u00e4hrungskonzepte                <\/h5>\n                        \t\t  \t<p>Zum Beispiel Halal, Koscher, Vegan und Vegetarisch und treiben gleichzeitig Innovationen voran, um optimalen Geschmack zu gew\u00e4hrleisten.\r\n<\/p>\n                                <\/div>\n        \n        \n                <\/div>\n                <\/a>\n        <\/div>\t\t\t\t<\/div>\n\t\t\t\t<\/div>\n\t\t\t\t\t<\/div>\n\t\t\t\t<\/div>\n\t\t\t\t<\/div>\n\t\t<div class=\"elementor-element elementor-element-52dbfd6a e-con-full e-flex e-con e-child\" data-id=\"52dbfd6a\" data-element_type=\"container\" data-e-type=\"container\" data-settings=\"{&quot;jet_parallax_layout_list&quot;:[]}\">\n\t\t\t\t<div class=\"elementor-element elementor-element-301b1be0 elementor-widget elementor-widget-image\" data-id=\"301b1be0\" data-element_type=\"widget\" data-e-type=\"widget\" data-widget_type=\"image.default\">\n\t\t\t\t<div class=\"elementor-widget-container\">\n\t\t\t\t\t\t\t\t\t\t\t\t\t\t\t<img decoding=\"async\" width=\"650\" height=\"650\" src=\"https:\/\/www.moguntia.com\/wp-content\/uploads\/2025\/12\/meat-roll-650x650-1.png\" class=\"attachment-large size-large wp-image-6716\" alt=\"\" srcset=\"https:\/\/www.moguntia.com\/wp-content\/uploads\/2025\/12\/meat-roll-650x650-1.png 650w, https:\/\/www.moguntia.com\/wp-content\/uploads\/2025\/12\/meat-roll-650x650-1-300x300.png 300w, https:\/\/www.moguntia.com\/wp-content\/uploads\/2025\/12\/meat-roll-650x650-1-150x150.png 150w\" sizes=\"(max-width: 650px) 100vw, 650px\" \/>\t\t\t\t\t\t\t\t\t\t\t\t\t\t\t<\/div>\n\t\t\t\t<\/div>\n\t\t\t\t<\/div>\n\t\t\t\t\t<\/div>\n\t\t\t\t<\/div>\n\t\t<div class=\"elementor-element elementor-element-add5861 e-con-full e-flex e-con e-child\" data-id=\"add5861\" data-element_type=\"container\" data-e-type=\"container\" data-settings=\"{&quot;background_background&quot;:&quot;classic&quot;,&quot;jet_parallax_layout_list&quot;:[]}\">\n\t\t\t\t<div class=\"elementor-element elementor-element-38142872 elementor-view-stacked elementor-shape-circle elementor-widget elementor-widget-icon\" data-id=\"38142872\" data-element_type=\"widget\" data-e-type=\"widget\" data-widget_type=\"icon.default\">\n\t\t\t\t<div class=\"elementor-widget-container\">\n\t\t\t\t\t\t\t<div class=\"elementor-icon-wrapper\">\n\t\t\t<a class=\"elementor-icon\" href=\"https:\/\/www.moguntia.com\/contact-us\/\">\n\t\t\t<i aria-hidden=\"true\" class=\"icon icon-envelope3\"><\/i>\t\t\t<\/a>\n\t\t<\/div>\n\t\t\t\t\t\t<\/div>\n\t\t\t\t<\/div>\n\t\t\t\t<div class=\"elementor-element elementor-element-69f0615c elementor-widget elementor-widget-elementskit-heading\" data-id=\"69f0615c\" data-element_type=\"widget\" data-e-type=\"widget\" data-widget_type=\"elementskit-heading.default\">\n\t\t\t\t<div class=\"elementor-widget-container\">\n\t\t\t\t\t<div class=\"ekit-wid-con\" ><div class=\"ekit-heading elementskit-section-title-wraper text_center   ekit_heading_tablet-text_center   ekit_heading_mobile-\"><h4 class=\"ekit-heading--subtitle elementskit-section-subtitle  \">\n\t\t\t\t\t\tKontaktieren Sie uns!\n\t\t\t\t\t<\/h4><\/div><\/div>\t\t\t\t<\/div>\n\t\t\t\t<\/div>\n\t\t\t\t<\/div>\n\t\t\t\t<\/div>\n\t\t","protected":false},"excerpt":{"rendered":"<p>Fleischindustrie Erfolg f\u00fcr die Fleischindustrie Ihr zuverl\u00e4ssiger Partner Geschmacks veredelung Willkommen bei der MOGUNTIA FOOD GROUP, wo die Kunst des Geschmacks auf die Fleischindustrie trifft. Unsere Leidenschaft f\u00fchrt uns zur Optimierung aller Aspekte Ihres Fleischgesch\u00e4fts, von der Fleischverarbeitung bis hin zu kulinarischen Kreationen. Als Pioniere der Geschmacksinnovation bieten wir Ihnen erstklassige L\u00f6sungen, die Ihr Angebot [&hellip;]<\/p>\n","protected":false},"author":8,"featured_media":0,"parent":0,"menu_order":0,"comment_status":"closed","ping_status":"closed","template":"","meta":{"footnotes":""},"class_list":["post-6904","page","type-page","status-publish","hentry"],"yoast_head":"<!-- This site is optimized with the Yoast SEO plugin v27.3 - https:\/\/yoast.com\/product\/yoast-seo-wordpress\/ -->\n<title>Fleischindustrie - MOGUNTIA FOOD GROUP<\/title>\n<meta name=\"robots\" content=\"index, follow, max-snippet:-1, max-image-preview:large, max-video-preview:-1\" \/>\n<link rel=\"canonical\" href=\"https:\/\/www.moguntia.com\/de\/fleischindustrie\/\" \/>\n<meta property=\"og:locale\" content=\"de_DE\" \/>\n<meta property=\"og:type\" content=\"article\" \/>\n<meta property=\"og:title\" content=\"Fleischindustrie - MOGUNTIA FOOD GROUP\" \/>\n<meta property=\"og:description\" content=\"Fleischindustrie Erfolg f\u00fcr die Fleischindustrie Ihr zuverl\u00e4ssiger Partner Geschmacks veredelung Willkommen bei der MOGUNTIA FOOD GROUP, wo die Kunst des Geschmacks auf die Fleischindustrie trifft. Unsere Leidenschaft f\u00fchrt uns zur Optimierung aller Aspekte Ihres Fleischgesch\u00e4fts, von der Fleischverarbeitung bis hin zu kulinarischen Kreationen. Als Pioniere der Geschmacksinnovation bieten wir Ihnen erstklassige L\u00f6sungen, die Ihr Angebot [&hellip;]\" \/>\n<meta property=\"og:url\" content=\"https:\/\/www.moguntia.com\/de\/fleischindustrie\/\" \/>\n<meta property=\"og:site_name\" content=\"MOGUNTIA FOOD GROUP\" \/>\n<meta property=\"article:publisher\" content=\"https:\/\/www.facebook.com\/moguntiafoodgroup\/\" \/>\n<meta property=\"article:modified_time\" content=\"2026-02-09T09:42:41+00:00\" \/>\n<meta property=\"og:image\" content=\"https:\/\/www.moguntia.com\/wp-content\/uploads\/2025\/12\/cutter-aids-650x650-1.png\" \/>\n\t<meta property=\"og:image:width\" content=\"650\" \/>\n\t<meta property=\"og:image:height\" content=\"650\" \/>\n\t<meta property=\"og:image:type\" content=\"image\/png\" \/>\n<meta name=\"twitter:card\" content=\"summary_large_image\" \/>\n<meta name=\"twitter:label1\" content=\"Gesch\u00e4tzte Lesezeit\" \/>\n\t<meta name=\"twitter:data1\" content=\"1\u00a0Minute\" \/>\n<script type=\"application\/ld+json\" class=\"yoast-schema-graph\">{\"@context\":\"https:\\\/\\\/schema.org\",\"@graph\":[{\"@type\":\"WebPage\",\"@id\":\"https:\\\/\\\/www.moguntia.com\\\/de\\\/fleischindustrie\\\/\",\"url\":\"https:\\\/\\\/www.moguntia.com\\\/de\\\/fleischindustrie\\\/\",\"name\":\"Fleischindustrie - MOGUNTIA FOOD GROUP\",\"isPartOf\":{\"@id\":\"https:\\\/\\\/www.moguntia.com\\\/de\\\/#website\"},\"primaryImageOfPage\":{\"@id\":\"https:\\\/\\\/www.moguntia.com\\\/de\\\/fleischindustrie\\\/#primaryimage\"},\"image\":{\"@id\":\"https:\\\/\\\/www.moguntia.com\\\/de\\\/fleischindustrie\\\/#primaryimage\"},\"thumbnailUrl\":\"https:\\\/\\\/www.moguntia.com\\\/wp-content\\\/uploads\\\/2025\\\/12\\\/cutter-aids-650x650-1.png\",\"datePublished\":\"2024-09-09T15:26:57+00:00\",\"dateModified\":\"2026-02-09T09:42:41+00:00\",\"breadcrumb\":{\"@id\":\"https:\\\/\\\/www.moguntia.com\\\/de\\\/fleischindustrie\\\/#breadcrumb\"},\"inLanguage\":\"de\",\"potentialAction\":[{\"@type\":\"ReadAction\",\"target\":[\"https:\\\/\\\/www.moguntia.com\\\/de\\\/fleischindustrie\\\/\"]}]},{\"@type\":\"ImageObject\",\"inLanguage\":\"de\",\"@id\":\"https:\\\/\\\/www.moguntia.com\\\/de\\\/fleischindustrie\\\/#primaryimage\",\"url\":\"https:\\\/\\\/www.moguntia.com\\\/wp-content\\\/uploads\\\/2025\\\/12\\\/cutter-aids-650x650-1.png\",\"contentUrl\":\"https:\\\/\\\/www.moguntia.com\\\/wp-content\\\/uploads\\\/2025\\\/12\\\/cutter-aids-650x650-1.png\"},{\"@type\":\"BreadcrumbList\",\"@id\":\"https:\\\/\\\/www.moguntia.com\\\/de\\\/fleischindustrie\\\/#breadcrumb\",\"itemListElement\":[{\"@type\":\"ListItem\",\"position\":1,\"name\":\"Home\",\"item\":\"https:\\\/\\\/www.moguntia.com\\\/de\\\/\"},{\"@type\":\"ListItem\",\"position\":2,\"name\":\"Fleischindustrie\"}]},{\"@type\":\"WebSite\",\"@id\":\"https:\\\/\\\/www.moguntia.com\\\/de\\\/#website\",\"url\":\"https:\\\/\\\/www.moguntia.com\\\/de\\\/\",\"name\":\"MOGUNTIA FOOD GROUP\",\"description\":\"Taste the power of Food\",\"publisher\":{\"@id\":\"https:\\\/\\\/www.moguntia.com\\\/de\\\/#organization\"},\"potentialAction\":[{\"@type\":\"SearchAction\",\"target\":{\"@type\":\"EntryPoint\",\"urlTemplate\":\"https:\\\/\\\/www.moguntia.com\\\/de\\\/?s={search_term_string}\"},\"query-input\":{\"@type\":\"PropertyValueSpecification\",\"valueRequired\":true,\"valueName\":\"search_term_string\"}}],\"inLanguage\":\"de\"},{\"@type\":\"Organization\",\"@id\":\"https:\\\/\\\/www.moguntia.com\\\/de\\\/#organization\",\"name\":\"MOGUNTIA FOOD GROUP\",\"url\":\"https:\\\/\\\/www.moguntia.com\\\/de\\\/\",\"logo\":{\"@type\":\"ImageObject\",\"inLanguage\":\"de\",\"@id\":\"https:\\\/\\\/www.moguntia.com\\\/de\\\/#\\\/schema\\\/logo\\\/image\\\/\",\"url\":\"https:\\\/\\\/www.moguntia.com\\\/wp-content\\\/uploads\\\/2026\\\/02\\\/Logo-primary-blau-HG-scaliert-scaled-1.png\",\"contentUrl\":\"https:\\\/\\\/www.moguntia.com\\\/wp-content\\\/uploads\\\/2026\\\/02\\\/Logo-primary-blau-HG-scaliert-scaled-1.png\",\"width\":2560,\"height\":907,\"caption\":\"MOGUNTIA FOOD GROUP\"},\"image\":{\"@id\":\"https:\\\/\\\/www.moguntia.com\\\/de\\\/#\\\/schema\\\/logo\\\/image\\\/\"},\"sameAs\":[\"https:\\\/\\\/www.facebook.com\\\/moguntiafoodgroup\\\/\"]}]}<\/script>\n<!-- \/ Yoast SEO plugin. -->","yoast_head_json":{"title":"Fleischindustrie - MOGUNTIA FOOD GROUP","robots":{"index":"index","follow":"follow","max-snippet":"max-snippet:-1","max-image-preview":"max-image-preview:large","max-video-preview":"max-video-preview:-1"},"canonical":"https:\/\/www.moguntia.com\/de\/fleischindustrie\/","og_locale":"de_DE","og_type":"article","og_title":"Fleischindustrie - MOGUNTIA FOOD GROUP","og_description":"Fleischindustrie Erfolg f\u00fcr die Fleischindustrie Ihr zuverl\u00e4ssiger Partner Geschmacks veredelung Willkommen bei der MOGUNTIA FOOD GROUP, wo die Kunst des Geschmacks auf die Fleischindustrie trifft. Unsere Leidenschaft f\u00fchrt uns zur Optimierung aller Aspekte Ihres Fleischgesch\u00e4fts, von der Fleischverarbeitung bis hin zu kulinarischen Kreationen. Als Pioniere der Geschmacksinnovation bieten wir Ihnen erstklassige L\u00f6sungen, die Ihr Angebot [&hellip;]","og_url":"https:\/\/www.moguntia.com\/de\/fleischindustrie\/","og_site_name":"MOGUNTIA FOOD GROUP","article_publisher":"https:\/\/www.facebook.com\/moguntiafoodgroup\/","article_modified_time":"2026-02-09T09:42:41+00:00","og_image":[{"width":650,"height":650,"url":"https:\/\/www.moguntia.com\/wp-content\/uploads\/2025\/12\/cutter-aids-650x650-1.png","type":"image\/png"}],"twitter_card":"summary_large_image","twitter_misc":{"Gesch\u00e4tzte Lesezeit":"1\u00a0Minute"},"schema":{"@context":"https:\/\/schema.org","@graph":[{"@type":"WebPage","@id":"https:\/\/www.moguntia.com\/de\/fleischindustrie\/","url":"https:\/\/www.moguntia.com\/de\/fleischindustrie\/","name":"Fleischindustrie - MOGUNTIA FOOD GROUP","isPartOf":{"@id":"https:\/\/www.moguntia.com\/de\/#website"},"primaryImageOfPage":{"@id":"https:\/\/www.moguntia.com\/de\/fleischindustrie\/#primaryimage"},"image":{"@id":"https:\/\/www.moguntia.com\/de\/fleischindustrie\/#primaryimage"},"thumbnailUrl":"https:\/\/www.moguntia.com\/wp-content\/uploads\/2025\/12\/cutter-aids-650x650-1.png","datePublished":"2024-09-09T15:26:57+00:00","dateModified":"2026-02-09T09:42:41+00:00","breadcrumb":{"@id":"https:\/\/www.moguntia.com\/de\/fleischindustrie\/#breadcrumb"},"inLanguage":"de","potentialAction":[{"@type":"ReadAction","target":["https:\/\/www.moguntia.com\/de\/fleischindustrie\/"]}]},{"@type":"ImageObject","inLanguage":"de","@id":"https:\/\/www.moguntia.com\/de\/fleischindustrie\/#primaryimage","url":"https:\/\/www.moguntia.com\/wp-content\/uploads\/2025\/12\/cutter-aids-650x650-1.png","contentUrl":"https:\/\/www.moguntia.com\/wp-content\/uploads\/2025\/12\/cutter-aids-650x650-1.png"},{"@type":"BreadcrumbList","@id":"https:\/\/www.moguntia.com\/de\/fleischindustrie\/#breadcrumb","itemListElement":[{"@type":"ListItem","position":1,"name":"Home","item":"https:\/\/www.moguntia.com\/de\/"},{"@type":"ListItem","position":2,"name":"Fleischindustrie"}]},{"@type":"WebSite","@id":"https:\/\/www.moguntia.com\/de\/#website","url":"https:\/\/www.moguntia.com\/de\/","name":"MOGUNTIA FOOD GROUP","description":"Taste the power of Food","publisher":{"@id":"https:\/\/www.moguntia.com\/de\/#organization"},"potentialAction":[{"@type":"SearchAction","target":{"@type":"EntryPoint","urlTemplate":"https:\/\/www.moguntia.com\/de\/?s={search_term_string}"},"query-input":{"@type":"PropertyValueSpecification","valueRequired":true,"valueName":"search_term_string"}}],"inLanguage":"de"},{"@type":"Organization","@id":"https:\/\/www.moguntia.com\/de\/#organization","name":"MOGUNTIA FOOD GROUP","url":"https:\/\/www.moguntia.com\/de\/","logo":{"@type":"ImageObject","inLanguage":"de","@id":"https:\/\/www.moguntia.com\/de\/#\/schema\/logo\/image\/","url":"https:\/\/www.moguntia.com\/wp-content\/uploads\/2026\/02\/Logo-primary-blau-HG-scaliert-scaled-1.png","contentUrl":"https:\/\/www.moguntia.com\/wp-content\/uploads\/2026\/02\/Logo-primary-blau-HG-scaliert-scaled-1.png","width":2560,"height":907,"caption":"MOGUNTIA FOOD GROUP"},"image":{"@id":"https:\/\/www.moguntia.com\/de\/#\/schema\/logo\/image\/"},"sameAs":["https:\/\/www.facebook.com\/moguntiafoodgroup\/"]}]}},"_links":{"self":[{"href":"https:\/\/www.moguntia.com\/de\/wp-json\/wp\/v2\/pages\/6904","targetHints":{"allow":["GET"]}}],"collection":[{"href":"https:\/\/www.moguntia.com\/de\/wp-json\/wp\/v2\/pages"}],"about":[{"href":"https:\/\/www.moguntia.com\/de\/wp-json\/wp\/v2\/types\/page"}],"author":[{"embeddable":true,"href":"https:\/\/www.moguntia.com\/de\/wp-json\/wp\/v2\/users\/8"}],"replies":[{"embeddable":true,"href":"https:\/\/www.moguntia.com\/de\/wp-json\/wp\/v2\/comments?post=6904"}],"version-history":[{"count":9,"href":"https:\/\/www.moguntia.com\/de\/wp-json\/wp\/v2\/pages\/6904\/revisions"}],"predecessor-version":[{"id":7218,"href":"https:\/\/www.moguntia.com\/de\/wp-json\/wp\/v2\/pages\/6904\/revisions\/7218"}],"wp:attachment":[{"href":"https:\/\/www.moguntia.com\/de\/wp-json\/wp\/v2\/media?parent=6904"}],"curies":[{"name":"wp","href":"https:\/\/api.w.org\/{rel}","templated":true}]}}