{"id":6908,"date":"2024-09-12T07:50:38","date_gmt":"2024-09-12T07:50:38","guid":{"rendered":"https:\/\/staging.moguntia.com\/lebensmitteleinzelhandel\/"},"modified":"2026-02-09T10:01:47","modified_gmt":"2026-02-09T10:01:47","slug":"lebensmitteleinzelhandel","status":"publish","type":"page","link":"https:\/\/www.moguntia.com\/de\/lebensmitteleinzelhandel\/","title":{"rendered":"Lebensmitteleinzelhandel"},"content":{"rendered":"\t\t<div data-elementor-type=\"wp-page\" data-elementor-id=\"6908\" class=\"elementor elementor-6908 elementor-703\" data-elementor-post-type=\"page\">\n\t\t\t\t<div class=\"elementor-element elementor-element-1289553c e-flex e-con-boxed e-con e-parent\" data-id=\"1289553c\" data-element_type=\"container\" data-e-type=\"container\" data-settings=\"{&quot;background_background&quot;:&quot;classic&quot;,&quot;jet_parallax_layout_list&quot;:[]}\">\n\t\t\t\t\t<div class=\"e-con-inner\">\n\t\t\t\t<div class=\"elementor-element elementor-element-76b43718 elementor-widget elementor-widget-elementskit-heading\" data-id=\"76b43718\" data-element_type=\"widget\" data-e-type=\"widget\" data-widget_type=\"elementskit-heading.default\">\n\t\t\t\t<div class=\"elementor-widget-container\">\n\t\t\t\t\t<div class=\"ekit-wid-con\" ><div class=\"ekit-heading elementskit-section-title-wraper text_center   ekit_heading_tablet-text_center   ekit_heading_mobile-text_center\"><h2 class=\"ekit-heading--title elementskit-section-title \">Lebensmitteleinzelhandel<\/h2><h3 class=\"ekit-heading--subtitle elementskit-section-subtitle  \">\n\t\t\t\t\t\tRevolution\u00e4re Konzepte\n\t\t\t\t\t<\/h3><\/div><\/div>\t\t\t\t<\/div>\n\t\t\t\t<\/div>\n\t\t\t\t\t<\/div>\n\t\t\t\t<\/div>\n\t\t<div class=\"elementor-element elementor-element-4d742750 e-flex e-con-boxed e-con e-parent\" data-id=\"4d742750\" data-element_type=\"container\" data-e-type=\"container\" data-settings=\"{&quot;jet_parallax_layout_list&quot;:[]}\">\n\t\t\t\t\t<div class=\"e-con-inner\">\n\t\t<div class=\"elementor-element elementor-element-4e3a9c69 e-con-full e-flex e-con e-child\" data-id=\"4e3a9c69\" data-element_type=\"container\" data-e-type=\"container\" data-settings=\"{&quot;jet_parallax_layout_list&quot;:[]}\">\n\t\t\t\t<div class=\"elementor-element elementor-element-26092f87 elementor-widget elementor-widget-image\" data-id=\"26092f87\" data-element_type=\"widget\" data-e-type=\"widget\" data-widget_type=\"image.default\">\n\t\t\t\t<div class=\"elementor-widget-container\">\n\t\t\t\t\t\t\t\t\t\t\t\t\t\t\t<img fetchpriority=\"high\" decoding=\"async\" width=\"650\" height=\"650\" src=\"https:\/\/www.moguntia.com\/wp-content\/uploads\/2025\/12\/retail-marinade-650x650-1.png\" class=\"attachment-large size-large wp-image-6717\" alt=\"\" srcset=\"https:\/\/www.moguntia.com\/wp-content\/uploads\/2025\/12\/retail-marinade-650x650-1.png 650w, https:\/\/www.moguntia.com\/wp-content\/uploads\/2025\/12\/retail-marinade-650x650-1-300x300.png 300w, https:\/\/www.moguntia.com\/wp-content\/uploads\/2025\/12\/retail-marinade-650x650-1-150x150.png 150w\" sizes=\"(max-width: 650px) 100vw, 650px\" \/>\t\t\t\t\t\t\t\t\t\t\t\t\t\t\t<\/div>\n\t\t\t\t<\/div>\n\t\t\t\t<\/div>\n\t\t<div class=\"elementor-element elementor-element-523f2f15 e-con-full e-flex e-con e-child\" data-id=\"523f2f15\" data-element_type=\"container\" data-e-type=\"container\" data-settings=\"{&quot;jet_parallax_layout_list&quot;:[]}\">\n\t\t\t\t<div class=\"elementor-element elementor-element-6980aef2 elementor-widget elementor-widget-heading\" data-id=\"6980aef2\" data-element_type=\"widget\" data-e-type=\"widget\" data-widget_type=\"heading.default\">\n\t\t\t\t<div class=\"elementor-widget-container\">\n\t\t\t\t\t<h5 class=\"elementor-heading-title elementor-size-default\">Wir sind Ihr verl\u00e4sslicher Partner<\/h5>\t\t\t\t<\/div>\n\t\t\t\t<\/div>\n\t\t\t\t<div class=\"elementor-element elementor-element-61581a38 elementor-widget-divider--view-line elementor-widget elementor-widget-divider\" data-id=\"61581a38\" data-element_type=\"widget\" data-e-type=\"widget\" data-widget_type=\"divider.default\">\n\t\t\t\t<div class=\"elementor-widget-container\">\n\t\t\t\t\t\t\t<div class=\"elementor-divider\">\n\t\t\t<span class=\"elementor-divider-separator\">\n\t\t\t\t\t\t<\/span>\n\t\t<\/div>\n\t\t\t\t\t\t<\/div>\n\t\t\t\t<\/div>\n\t\t\t\t<div class=\"elementor-element elementor-element-4e22fecd elementor-widget elementor-widget-elementskit-heading\" data-id=\"4e22fecd\" data-element_type=\"widget\" data-e-type=\"widget\" data-widget_type=\"elementskit-heading.default\">\n\t\t\t\t<div class=\"elementor-widget-container\">\n\t\t\t\t\t<div class=\"ekit-wid-con\" ><div class=\"ekit-heading elementskit-section-title-wraper text_left   ekit_heading_tablet-text_center   ekit_heading_mobile-text_center\"><h2 class=\"ekit-heading--title elementskit-section-title \">Innovation trifft <span>Qualit\u00e4t<\/span> <\/h2>\t\t\t\t<div class='ekit-heading__description'>\n\t\t\t\t\t<p>Bei der MOGUNTIA FOOD GROUP verstehen wir uns nicht nur als Lieferant, sondern als engagierter Partner f\u00fcr den Lebensmitteleinzelhandel und Gro\u00dfhandel. Werten Sie Ihre Frischetheken und Regale mit unseren innovativen Produkten und \u00fcberzeugenden Konzepten auf. Unser umfangreiches Sortiment umfasst auch verkaufsfertige Produkte wie Gew\u00fcrzstreuer und BBQ-Saucen, die Kundinnen und Kunden begeistern.<\/p>\n\t\t\t\t<\/div>\n\t\t\t<\/div><\/div>\t\t\t\t<\/div>\n\t\t\t\t<\/div>\n\t\t\t\t<\/div>\n\t\t\t\t\t<\/div>\n\t\t\t\t<\/div>\n\t\t<div class=\"elementor-element elementor-element-61d7f60 e-flex e-con-boxed e-con e-parent\" data-id=\"61d7f60\" data-element_type=\"container\" data-e-type=\"container\" data-settings=\"{&quot;background_background&quot;:&quot;classic&quot;,&quot;jet_parallax_layout_list&quot;:[]}\">\n\t\t\t\t\t<div class=\"e-con-inner\">\n\t\t<div class=\"elementor-element elementor-element-6409911d e-con-full e-flex e-con e-child\" data-id=\"6409911d\" data-element_type=\"container\" data-e-type=\"container\" data-settings=\"{&quot;jet_parallax_layout_list&quot;:[]}\">\n\t\t\t\t<div class=\"elementor-element elementor-element-65564914 ekit-equal-height-disable elementor-widget elementor-widget-elementskit-icon-box\" data-id=\"65564914\" data-element_type=\"widget\" data-e-type=\"widget\" data-widget_type=\"elementskit-icon-box.default\">\n\t\t\t\t<div class=\"elementor-widget-container\">\n\t\t\t\t\t<div class=\"ekit-wid-con\" >        <!-- link opening -->\n                <!-- end link opening -->\n\n        <div class=\"elementskit-infobox text-center text-center icon-top-align elementor-animation-   \">\n                    <div class=\"elementskit-box-header elementor-animation-\">\n                <div class=\"elementskit-info-box-icon  \">\n                    \n                <\/div>\n          <\/div>\n                        <div class=\"box-body\">\n                            <h5 class=\"elementskit-info-box-title\">\n                    Produktinnovationen auf Basis von Marktforschung.                <\/h5>\n                        \t\t  \t<p>Exklusive Markteinblicke, Trends und Verbraucherpr\u00e4ferenzen<\/p>\n                                <\/div>\n        \n        \n                <\/div>\n        <\/div>\t\t\t\t<\/div>\n\t\t\t\t<\/div>\n\t\t\t\t<\/div>\n\t\t\t\t\t<\/div>\n\t\t\t\t<\/div>\n\t\t<div class=\"elementor-element elementor-element-2492e1ed e-flex e-con-boxed e-con e-parent\" data-id=\"2492e1ed\" data-element_type=\"container\" data-e-type=\"container\" data-settings=\"{&quot;jet_parallax_layout_list&quot;:[]}\">\n\t\t\t\t\t<div class=\"e-con-inner\">\n\t\t<div class=\"elementor-element elementor-element-1b6d0dff e-con-full e-flex e-con e-child\" data-id=\"1b6d0dff\" data-element_type=\"container\" data-e-type=\"container\" data-settings=\"{&quot;jet_parallax_layout_list&quot;:[]}\">\n\t\t\t\t<div class=\"elementor-element elementor-element-65765a7d elementor-widget elementor-widget-heading\" data-id=\"65765a7d\" data-element_type=\"widget\" data-e-type=\"widget\" data-widget_type=\"heading.default\">\n\t\t\t\t<div class=\"elementor-widget-container\">\n\t\t\t\t\t<h5 class=\"elementor-heading-title elementor-size-default\">Was wir bieten<\/h5>\t\t\t\t<\/div>\n\t\t\t\t<\/div>\n\t\t\t\t<div class=\"elementor-element elementor-element-1b001884 elementor-widget-divider--view-line elementor-widget elementor-widget-divider\" data-id=\"1b001884\" data-element_type=\"widget\" data-e-type=\"widget\" data-widget_type=\"divider.default\">\n\t\t\t\t<div class=\"elementor-widget-container\">\n\t\t\t\t\t\t\t<div class=\"elementor-divider\">\n\t\t\t<span class=\"elementor-divider-separator\">\n\t\t\t\t\t\t<\/span>\n\t\t<\/div>\n\t\t\t\t\t\t<\/div>\n\t\t\t\t<\/div>\n\t\t\t\t<div class=\"elementor-element elementor-element-146fc4a4 elementor-widget elementor-widget-elementskit-heading\" data-id=\"146fc4a4\" data-element_type=\"widget\" data-e-type=\"widget\" data-widget_type=\"elementskit-heading.default\">\n\t\t\t\t<div class=\"elementor-widget-container\">\n\t\t\t\t\t<div class=\"ekit-wid-con\" ><div class=\"ekit-heading elementskit-section-title-wraper text_left   ekit_heading_tablet-text_center   ekit_heading_mobile-text_left\"><h2 class=\"ekit-heading--title elementskit-section-title \">Pers\u00f6nlicher <span>Support<\/span><\/h2>\t\t\t\t<div class='ekit-heading__description'>\n\t\t\t\t\t<div class=\"text-base my-auto mx-auto pb-10 [--thread-content-margin:--spacing(4)] @w-sm\/main:[--thread-content-margin:--spacing(6)] @w-lg\/main:[--thread-content-margin:--spacing(16)] px-(--thread-content-margin)\">\n<div class=\"[--thread-content-max-width:40rem] @w-lg\/main:[--thread-content-max-width:48rem] mx-auto max-w-(--thread-content-max-width) flex-1 group\/turn-messages focus-visible:outline-hidden relative flex w-full min-w-0 flex-col agent-turn\">\n<div class=\"flex max-w-full flex-col grow\">\n<div class=\"min-h-8 text-message relative flex w-full flex-col items-end gap-2 text-start break-words whitespace-normal [.text-message+&amp;]:mt-1\">\n<div class=\"flex w-full flex-col gap-1 empty:hidden first:pt-[1px]\">\n<div class=\"markdown prose dark:prose-invert w-full wrap-break-word light markdown-new-styling\">\n<p>Wir verf\u00fcgen \u00fcber ein gro\u00dfes Vertriebsteam, das im ganzen Land unterwegs ist und alle unsere Kunden regelm\u00e4\u00dfig besucht, ob in st\u00e4dtischen oder l\u00e4ndlichen Regionen. Wir beraten Sie pers\u00f6nlich zu unseren Produkten und bieten Ihnen individuelle Unterst\u00fctzung.<\/p>\n<\/div>\n<\/div>\n<\/div>\n<\/div>\n<\/div>\n<\/div>\n\t\t\t\t<\/div>\n\t\t\t<\/div><\/div>\t\t\t\t<\/div>\n\t\t\t\t<\/div>\n\t\t\t\t<div class=\"elementor-element elementor-element-54c03bf5 ekit-equal-height-disable elementor-widget elementor-widget-elementskit-icon-box\" data-id=\"54c03bf5\" data-element_type=\"widget\" data-e-type=\"widget\" data-widget_type=\"elementskit-icon-box.default\">\n\t\t\t\t<div class=\"elementor-widget-container\">\n\t\t\t\t\t<div class=\"ekit-wid-con\" >        <!-- link opening -->\n                <a href=\"#\" class=\"ekit_global_links\">\n                <!-- end link opening -->\n\n        <div class=\"elementskit-infobox text-left text-left icon-lef-right-aligin elementor-animation- media  \">\n                    <div class=\"elementskit-box-header elementor-animation-\">\n                <div class=\"elementskit-info-box-icon  text-center\">\n                    <i aria-hidden=\"true\" class=\"elementkit-infobox-icon icon icon-building\"><\/i>\n                <\/div>\n          <\/div>\n                        <div class=\"box-body\">\n                            <h5 class=\"elementskit-info-box-title\">\n                    Langj\u00e4hrige Erfahrung im Thekengesch\u00e4ft                <\/h5>\n                                            <\/div>\n        \n        \n                <\/div>\n                <\/a>\n        <\/div>\t\t\t\t<\/div>\n\t\t\t\t<\/div>\n\t\t\t\t<\/div>\n\t\t<div class=\"elementor-element elementor-element-2406dc60 e-con-full e-flex e-con e-child\" data-id=\"2406dc60\" data-element_type=\"container\" data-e-type=\"container\" data-settings=\"{&quot;jet_parallax_layout_list&quot;:[]}\">\n\t\t\t\t<div class=\"elementor-element elementor-element-4065e93 elementor-widget elementor-widget-image\" data-id=\"4065e93\" data-element_type=\"widget\" data-e-type=\"widget\" data-widget_type=\"image.default\">\n\t\t\t\t<div class=\"elementor-widget-container\">\n\t\t\t\t\t\t\t\t\t\t\t\t\t\t\t<img decoding=\"async\" width=\"650\" height=\"650\" src=\"https:\/\/www.moguntia.com\/wp-content\/uploads\/2024\/11\/square-18.png\" class=\"attachment-large size-large wp-image-6597\" alt=\"\" srcset=\"https:\/\/www.moguntia.com\/wp-content\/uploads\/2024\/11\/square-18.png 650w, https:\/\/www.moguntia.com\/wp-content\/uploads\/2024\/11\/square-18-300x300.png 300w, https:\/\/www.moguntia.com\/wp-content\/uploads\/2024\/11\/square-18-150x150.png 150w\" sizes=\"(max-width: 650px) 100vw, 650px\" \/>\t\t\t\t\t\t\t\t\t\t\t\t\t\t\t<\/div>\n\t\t\t\t<\/div>\n\t\t\t\t<\/div>\n\t\t\t\t\t<\/div>\n\t\t\t\t<\/div>\n\t\t<div class=\"elementor-element elementor-element-209e1af5 e-con-full e-flex e-con e-child\" data-id=\"209e1af5\" data-element_type=\"container\" data-e-type=\"container\" data-settings=\"{&quot;background_background&quot;:&quot;classic&quot;,&quot;jet_parallax_layout_list&quot;:[]}\">\n\t\t\t\t<div class=\"elementor-element elementor-element-772a442a elementor-view-stacked elementor-shape-circle elementor-widget elementor-widget-icon\" data-id=\"772a442a\" data-element_type=\"widget\" data-e-type=\"widget\" data-widget_type=\"icon.default\">\n\t\t\t\t<div class=\"elementor-widget-container\">\n\t\t\t\t\t\t\t<div class=\"elementor-icon-wrapper\">\n\t\t\t<a class=\"elementor-icon\" href=\"https:\/\/www.moguntia.com\/contact-us\/\">\n\t\t\t<i aria-hidden=\"true\" class=\"icon icon-envelope3\"><\/i>\t\t\t<\/a>\n\t\t<\/div>\n\t\t\t\t\t\t<\/div>\n\t\t\t\t<\/div>\n\t\t\t\t<div class=\"elementor-element elementor-element-306194c6 elementor-widget elementor-widget-elementskit-heading\" data-id=\"306194c6\" data-element_type=\"widget\" data-e-type=\"widget\" data-widget_type=\"elementskit-heading.default\">\n\t\t\t\t<div class=\"elementor-widget-container\">\n\t\t\t\t\t<div class=\"ekit-wid-con\" ><div class=\"ekit-heading elementskit-section-title-wraper text_center   ekit_heading_tablet-text_center   ekit_heading_mobile-\"><h4 class=\"ekit-heading--subtitle elementskit-section-subtitle  \">\n\t\t\t\t\t\tKontaktieren Sie uns!\n\t\t\t\t\t<\/h4><\/div><\/div>\t\t\t\t<\/div>\n\t\t\t\t<\/div>\n\t\t\t\t<\/div>\n\t\t\t\t<\/div>\n\t\t","protected":false},"excerpt":{"rendered":"<p>Lebensmitteleinzelhandel Revolution\u00e4re Konzepte Wir sind Ihr verl\u00e4sslicher Partner Innovation trifft Qualit\u00e4t Bei der MOGUNTIA FOOD GROUP verstehen wir uns nicht nur als Lieferant, sondern als engagierter Partner f\u00fcr den Lebensmitteleinzelhandel und Gro\u00dfhandel. Werten Sie Ihre Frischetheken und Regale mit unseren innovativen Produkten und \u00fcberzeugenden Konzepten auf. Unser umfangreiches Sortiment umfasst auch verkaufsfertige Produkte wie Gew\u00fcrzstreuer [&hellip;]<\/p>\n","protected":false},"author":8,"featured_media":0,"parent":0,"menu_order":0,"comment_status":"closed","ping_status":"closed","template":"","meta":{"footnotes":""},"class_list":["post-6908","page","type-page","status-publish","hentry"],"yoast_head":"<!-- This site is optimized with the Yoast SEO plugin v27.3 - https:\/\/yoast.com\/product\/yoast-seo-wordpress\/ -->\n<title>Lebensmitteleinzelhandel - MOGUNTIA FOOD GROUP<\/title>\n<meta name=\"robots\" content=\"index, follow, max-snippet:-1, max-image-preview:large, max-video-preview:-1\" \/>\n<link rel=\"canonical\" href=\"https:\/\/www.moguntia.com\/de\/lebensmitteleinzelhandel\/\" \/>\n<meta property=\"og:locale\" content=\"de_DE\" \/>\n<meta property=\"og:type\" content=\"article\" \/>\n<meta property=\"og:title\" content=\"Lebensmitteleinzelhandel - MOGUNTIA FOOD GROUP\" \/>\n<meta property=\"og:description\" content=\"Lebensmitteleinzelhandel Revolution\u00e4re Konzepte Wir sind Ihr verl\u00e4sslicher Partner Innovation trifft Qualit\u00e4t Bei der MOGUNTIA FOOD GROUP verstehen wir uns nicht nur als Lieferant, sondern als engagierter Partner f\u00fcr den Lebensmitteleinzelhandel und Gro\u00dfhandel. Werten Sie Ihre Frischetheken und Regale mit unseren innovativen Produkten und \u00fcberzeugenden Konzepten auf. Unser umfangreiches Sortiment umfasst auch verkaufsfertige Produkte wie Gew\u00fcrzstreuer [&hellip;]\" \/>\n<meta property=\"og:url\" content=\"https:\/\/www.moguntia.com\/de\/lebensmitteleinzelhandel\/\" \/>\n<meta property=\"og:site_name\" content=\"MOGUNTIA FOOD GROUP\" \/>\n<meta property=\"article:publisher\" content=\"https:\/\/www.facebook.com\/moguntiafoodgroup\/\" \/>\n<meta property=\"article:modified_time\" content=\"2026-02-09T10:01:47+00:00\" \/>\n<meta property=\"og:image\" content=\"https:\/\/www.moguntia.com\/wp-content\/uploads\/2025\/12\/retail-marinade-650x650-1.png\" \/>\n\t<meta property=\"og:image:width\" content=\"650\" \/>\n\t<meta property=\"og:image:height\" content=\"650\" \/>\n\t<meta property=\"og:image:type\" content=\"image\/png\" \/>\n<meta name=\"twitter:card\" content=\"summary_large_image\" \/>\n<meta name=\"twitter:label1\" content=\"Gesch\u00e4tzte Lesezeit\" \/>\n\t<meta name=\"twitter:data1\" content=\"1\u00a0Minute\" \/>\n<script type=\"application\/ld+json\" class=\"yoast-schema-graph\">{\"@context\":\"https:\\\/\\\/schema.org\",\"@graph\":[{\"@type\":\"WebPage\",\"@id\":\"https:\\\/\\\/www.moguntia.com\\\/de\\\/lebensmitteleinzelhandel\\\/\",\"url\":\"https:\\\/\\\/www.moguntia.com\\\/de\\\/lebensmitteleinzelhandel\\\/\",\"name\":\"Lebensmitteleinzelhandel - MOGUNTIA FOOD GROUP\",\"isPartOf\":{\"@id\":\"https:\\\/\\\/www.moguntia.com\\\/de\\\/#website\"},\"primaryImageOfPage\":{\"@id\":\"https:\\\/\\\/www.moguntia.com\\\/de\\\/lebensmitteleinzelhandel\\\/#primaryimage\"},\"image\":{\"@id\":\"https:\\\/\\\/www.moguntia.com\\\/de\\\/lebensmitteleinzelhandel\\\/#primaryimage\"},\"thumbnailUrl\":\"https:\\\/\\\/www.moguntia.com\\\/wp-content\\\/uploads\\\/2025\\\/12\\\/retail-marinade-650x650-1.png\",\"datePublished\":\"2024-09-12T07:50:38+00:00\",\"dateModified\":\"2026-02-09T10:01:47+00:00\",\"breadcrumb\":{\"@id\":\"https:\\\/\\\/www.moguntia.com\\\/de\\\/lebensmitteleinzelhandel\\\/#breadcrumb\"},\"inLanguage\":\"de\",\"potentialAction\":[{\"@type\":\"ReadAction\",\"target\":[\"https:\\\/\\\/www.moguntia.com\\\/de\\\/lebensmitteleinzelhandel\\\/\"]}]},{\"@type\":\"ImageObject\",\"inLanguage\":\"de\",\"@id\":\"https:\\\/\\\/www.moguntia.com\\\/de\\\/lebensmitteleinzelhandel\\\/#primaryimage\",\"url\":\"https:\\\/\\\/www.moguntia.com\\\/wp-content\\\/uploads\\\/2025\\\/12\\\/retail-marinade-650x650-1.png\",\"contentUrl\":\"https:\\\/\\\/www.moguntia.com\\\/wp-content\\\/uploads\\\/2025\\\/12\\\/retail-marinade-650x650-1.png\"},{\"@type\":\"BreadcrumbList\",\"@id\":\"https:\\\/\\\/www.moguntia.com\\\/de\\\/lebensmitteleinzelhandel\\\/#breadcrumb\",\"itemListElement\":[{\"@type\":\"ListItem\",\"position\":1,\"name\":\"Home\",\"item\":\"https:\\\/\\\/www.moguntia.com\\\/de\\\/\"},{\"@type\":\"ListItem\",\"position\":2,\"name\":\"Lebensmitteleinzelhandel\"}]},{\"@type\":\"WebSite\",\"@id\":\"https:\\\/\\\/www.moguntia.com\\\/de\\\/#website\",\"url\":\"https:\\\/\\\/www.moguntia.com\\\/de\\\/\",\"name\":\"MOGUNTIA FOOD GROUP\",\"description\":\"Taste the power of Food\",\"publisher\":{\"@id\":\"https:\\\/\\\/www.moguntia.com\\\/de\\\/#organization\"},\"potentialAction\":[{\"@type\":\"SearchAction\",\"target\":{\"@type\":\"EntryPoint\",\"urlTemplate\":\"https:\\\/\\\/www.moguntia.com\\\/de\\\/?s={search_term_string}\"},\"query-input\":{\"@type\":\"PropertyValueSpecification\",\"valueRequired\":true,\"valueName\":\"search_term_string\"}}],\"inLanguage\":\"de\"},{\"@type\":\"Organization\",\"@id\":\"https:\\\/\\\/www.moguntia.com\\\/de\\\/#organization\",\"name\":\"MOGUNTIA FOOD GROUP\",\"url\":\"https:\\\/\\\/www.moguntia.com\\\/de\\\/\",\"logo\":{\"@type\":\"ImageObject\",\"inLanguage\":\"de\",\"@id\":\"https:\\\/\\\/www.moguntia.com\\\/de\\\/#\\\/schema\\\/logo\\\/image\\\/\",\"url\":\"https:\\\/\\\/www.moguntia.com\\\/wp-content\\\/uploads\\\/2026\\\/02\\\/Logo-primary-blau-HG-scaliert-scaled-1.png\",\"contentUrl\":\"https:\\\/\\\/www.moguntia.com\\\/wp-content\\\/uploads\\\/2026\\\/02\\\/Logo-primary-blau-HG-scaliert-scaled-1.png\",\"width\":2560,\"height\":907,\"caption\":\"MOGUNTIA FOOD GROUP\"},\"image\":{\"@id\":\"https:\\\/\\\/www.moguntia.com\\\/de\\\/#\\\/schema\\\/logo\\\/image\\\/\"},\"sameAs\":[\"https:\\\/\\\/www.facebook.com\\\/moguntiafoodgroup\\\/\"]}]}<\/script>\n<!-- \/ Yoast SEO plugin. -->","yoast_head_json":{"title":"Lebensmitteleinzelhandel - MOGUNTIA FOOD GROUP","robots":{"index":"index","follow":"follow","max-snippet":"max-snippet:-1","max-image-preview":"max-image-preview:large","max-video-preview":"max-video-preview:-1"},"canonical":"https:\/\/www.moguntia.com\/de\/lebensmitteleinzelhandel\/","og_locale":"de_DE","og_type":"article","og_title":"Lebensmitteleinzelhandel - MOGUNTIA FOOD GROUP","og_description":"Lebensmitteleinzelhandel Revolution\u00e4re Konzepte Wir sind Ihr verl\u00e4sslicher Partner Innovation trifft Qualit\u00e4t Bei der MOGUNTIA FOOD GROUP verstehen wir uns nicht nur als Lieferant, sondern als engagierter Partner f\u00fcr den Lebensmitteleinzelhandel und Gro\u00dfhandel. Werten Sie Ihre Frischetheken und Regale mit unseren innovativen Produkten und \u00fcberzeugenden Konzepten auf. Unser umfangreiches Sortiment umfasst auch verkaufsfertige Produkte wie Gew\u00fcrzstreuer [&hellip;]","og_url":"https:\/\/www.moguntia.com\/de\/lebensmitteleinzelhandel\/","og_site_name":"MOGUNTIA FOOD GROUP","article_publisher":"https:\/\/www.facebook.com\/moguntiafoodgroup\/","article_modified_time":"2026-02-09T10:01:47+00:00","og_image":[{"width":650,"height":650,"url":"https:\/\/www.moguntia.com\/wp-content\/uploads\/2025\/12\/retail-marinade-650x650-1.png","type":"image\/png"}],"twitter_card":"summary_large_image","twitter_misc":{"Gesch\u00e4tzte Lesezeit":"1\u00a0Minute"},"schema":{"@context":"https:\/\/schema.org","@graph":[{"@type":"WebPage","@id":"https:\/\/www.moguntia.com\/de\/lebensmitteleinzelhandel\/","url":"https:\/\/www.moguntia.com\/de\/lebensmitteleinzelhandel\/","name":"Lebensmitteleinzelhandel - MOGUNTIA FOOD GROUP","isPartOf":{"@id":"https:\/\/www.moguntia.com\/de\/#website"},"primaryImageOfPage":{"@id":"https:\/\/www.moguntia.com\/de\/lebensmitteleinzelhandel\/#primaryimage"},"image":{"@id":"https:\/\/www.moguntia.com\/de\/lebensmitteleinzelhandel\/#primaryimage"},"thumbnailUrl":"https:\/\/www.moguntia.com\/wp-content\/uploads\/2025\/12\/retail-marinade-650x650-1.png","datePublished":"2024-09-12T07:50:38+00:00","dateModified":"2026-02-09T10:01:47+00:00","breadcrumb":{"@id":"https:\/\/www.moguntia.com\/de\/lebensmitteleinzelhandel\/#breadcrumb"},"inLanguage":"de","potentialAction":[{"@type":"ReadAction","target":["https:\/\/www.moguntia.com\/de\/lebensmitteleinzelhandel\/"]}]},{"@type":"ImageObject","inLanguage":"de","@id":"https:\/\/www.moguntia.com\/de\/lebensmitteleinzelhandel\/#primaryimage","url":"https:\/\/www.moguntia.com\/wp-content\/uploads\/2025\/12\/retail-marinade-650x650-1.png","contentUrl":"https:\/\/www.moguntia.com\/wp-content\/uploads\/2025\/12\/retail-marinade-650x650-1.png"},{"@type":"BreadcrumbList","@id":"https:\/\/www.moguntia.com\/de\/lebensmitteleinzelhandel\/#breadcrumb","itemListElement":[{"@type":"ListItem","position":1,"name":"Home","item":"https:\/\/www.moguntia.com\/de\/"},{"@type":"ListItem","position":2,"name":"Lebensmitteleinzelhandel"}]},{"@type":"WebSite","@id":"https:\/\/www.moguntia.com\/de\/#website","url":"https:\/\/www.moguntia.com\/de\/","name":"MOGUNTIA FOOD GROUP","description":"Taste the power of Food","publisher":{"@id":"https:\/\/www.moguntia.com\/de\/#organization"},"potentialAction":[{"@type":"SearchAction","target":{"@type":"EntryPoint","urlTemplate":"https:\/\/www.moguntia.com\/de\/?s={search_term_string}"},"query-input":{"@type":"PropertyValueSpecification","valueRequired":true,"valueName":"search_term_string"}}],"inLanguage":"de"},{"@type":"Organization","@id":"https:\/\/www.moguntia.com\/de\/#organization","name":"MOGUNTIA FOOD GROUP","url":"https:\/\/www.moguntia.com\/de\/","logo":{"@type":"ImageObject","inLanguage":"de","@id":"https:\/\/www.moguntia.com\/de\/#\/schema\/logo\/image\/","url":"https:\/\/www.moguntia.com\/wp-content\/uploads\/2026\/02\/Logo-primary-blau-HG-scaliert-scaled-1.png","contentUrl":"https:\/\/www.moguntia.com\/wp-content\/uploads\/2026\/02\/Logo-primary-blau-HG-scaliert-scaled-1.png","width":2560,"height":907,"caption":"MOGUNTIA FOOD GROUP"},"image":{"@id":"https:\/\/www.moguntia.com\/de\/#\/schema\/logo\/image\/"},"sameAs":["https:\/\/www.facebook.com\/moguntiafoodgroup\/"]}]}},"_links":{"self":[{"href":"https:\/\/www.moguntia.com\/de\/wp-json\/wp\/v2\/pages\/6908","targetHints":{"allow":["GET"]}}],"collection":[{"href":"https:\/\/www.moguntia.com\/de\/wp-json\/wp\/v2\/pages"}],"about":[{"href":"https:\/\/www.moguntia.com\/de\/wp-json\/wp\/v2\/types\/page"}],"author":[{"embeddable":true,"href":"https:\/\/www.moguntia.com\/de\/wp-json\/wp\/v2\/users\/8"}],"replies":[{"embeddable":true,"href":"https:\/\/www.moguntia.com\/de\/wp-json\/wp\/v2\/comments?post=6908"}],"version-history":[{"count":7,"href":"https:\/\/www.moguntia.com\/de\/wp-json\/wp\/v2\/pages\/6908\/revisions"}],"predecessor-version":[{"id":7229,"href":"https:\/\/www.moguntia.com\/de\/wp-json\/wp\/v2\/pages\/6908\/revisions\/7229"}],"wp:attachment":[{"href":"https:\/\/www.moguntia.com\/de\/wp-json\/wp\/v2\/media?parent=6908"}],"curies":[{"name":"wp","href":"https:\/\/api.w.org\/{rel}","templated":true}]}}