{"id":7410,"date":"2026-02-10T07:57:20","date_gmt":"2026-02-10T07:57:20","guid":{"rendered":"https:\/\/staging.moguntia.com\/lebensmittelindustrie\/"},"modified":"2026-02-18T14:56:00","modified_gmt":"2026-02-18T14:56:00","slug":"lebensmittelindustrie","status":"publish","type":"page","link":"https:\/\/www.moguntia.com\/de\/lebensmittelindustrie\/","title":{"rendered":"Lebensmittelindustrie"},"content":{"rendered":"\t\t<div data-elementor-type=\"wp-page\" data-elementor-id=\"7410\" class=\"elementor elementor-7410 elementor-570\" data-elementor-post-type=\"page\">\n\t\t\t\t<div class=\"elementor-element elementor-element-7f083c86 e-flex e-con-boxed e-con e-parent\" data-id=\"7f083c86\" data-element_type=\"container\" data-e-type=\"container\" data-settings=\"{&quot;background_background&quot;:&quot;classic&quot;,&quot;jet_parallax_layout_list&quot;:[]}\">\n\t\t\t\t\t<div class=\"e-con-inner\">\n\t\t\t\t<div class=\"elementor-element elementor-element-6e6ea1a7 elementor-widget elementor-widget-elementskit-heading\" data-id=\"6e6ea1a7\" data-element_type=\"widget\" data-e-type=\"widget\" data-widget_type=\"elementskit-heading.default\">\n\t\t\t\t<div class=\"elementor-widget-container\">\n\t\t\t\t\t<div class=\"ekit-wid-con\" ><div class=\"ekit-heading elementskit-section-title-wraper text_center   ekit_heading_tablet-text_center   ekit_heading_mobile-text_center\"><h2 class=\"ekit-heading--title elementskit-section-title \">Lebensmittelindustrie<\/h2><h3 class=\"ekit-heading--subtitle elementskit-section-subtitle  \">\n\t\t\t\t\t\tRevolution\u00e4re Aromen\n\t\t\t\t\t<\/h3><\/div><\/div>\t\t\t\t<\/div>\n\t\t\t\t<\/div>\n\t\t\t\t\t<\/div>\n\t\t\t\t<\/div>\n\t\t<div class=\"elementor-element elementor-element-1802e4dd e-flex e-con-boxed e-con e-parent\" data-id=\"1802e4dd\" data-element_type=\"container\" data-e-type=\"container\" data-settings=\"{&quot;background_background&quot;:&quot;classic&quot;,&quot;jet_parallax_layout_list&quot;:[]}\">\n\t\t\t\t\t<div class=\"e-con-inner\">\n\t\t<div class=\"elementor-element elementor-element-7b331ba5 e-con-full e-flex e-con e-child\" data-id=\"7b331ba5\" data-element_type=\"container\" data-e-type=\"container\" data-settings=\"{&quot;jet_parallax_layout_list&quot;:[]}\">\n\t\t\t\t<div class=\"elementor-element elementor-element-714d534e elementor-widget elementor-widget-image\" data-id=\"714d534e\" data-element_type=\"widget\" data-e-type=\"widget\" data-widget_type=\"image.default\">\n\t\t\t\t<div class=\"elementor-widget-container\">\n\t\t\t\t\t\t\t\t\t\t\t\t\t\t\t<img fetchpriority=\"high\" decoding=\"async\" width=\"650\" height=\"650\" src=\"https:\/\/www.moguntia.com\/wp-content\/uploads\/2025\/12\/salami-sticks-650x650-1.png\" class=\"attachment-large size-large wp-image-6714\" alt=\"\" srcset=\"https:\/\/www.moguntia.com\/wp-content\/uploads\/2025\/12\/salami-sticks-650x650-1.png 650w, https:\/\/www.moguntia.com\/wp-content\/uploads\/2025\/12\/salami-sticks-650x650-1-300x300.png 300w, https:\/\/www.moguntia.com\/wp-content\/uploads\/2025\/12\/salami-sticks-650x650-1-150x150.png 150w\" sizes=\"(max-width: 650px) 100vw, 650px\" \/>\t\t\t\t\t\t\t\t\t\t\t\t\t\t\t<\/div>\n\t\t\t\t<\/div>\n\t\t\t\t<\/div>\n\t\t<div class=\"elementor-element elementor-element-9c3c460 e-con-full e-flex e-con e-child\" data-id=\"9c3c460\" data-element_type=\"container\" data-e-type=\"container\" data-settings=\"{&quot;jet_parallax_layout_list&quot;:[]}\">\n\t\t\t\t<div class=\"elementor-element elementor-element-50c7caba elementor-widget elementor-widget-heading\" data-id=\"50c7caba\" data-element_type=\"widget\" data-e-type=\"widget\" data-widget_type=\"heading.default\">\n\t\t\t\t<div class=\"elementor-widget-container\">\n\t\t\t\t\t<h5 class=\"elementor-heading-title elementor-size-default\">Der perfekter Partner<\/h5>\t\t\t\t<\/div>\n\t\t\t\t<\/div>\n\t\t\t\t<div class=\"elementor-element elementor-element-30acdc51 elementor-widget-divider--view-line elementor-widget elementor-widget-divider\" data-id=\"30acdc51\" data-element_type=\"widget\" data-e-type=\"widget\" data-widget_type=\"divider.default\">\n\t\t\t\t<div class=\"elementor-widget-container\">\n\t\t\t\t\t\t\t<div class=\"elementor-divider\">\n\t\t\t<span class=\"elementor-divider-separator\">\n\t\t\t\t\t\t<\/span>\n\t\t<\/div>\n\t\t\t\t\t\t<\/div>\n\t\t\t\t<\/div>\n\t\t\t\t<div class=\"elementor-element elementor-element-618dc1d5 elementor-widget elementor-widget-elementskit-heading\" data-id=\"618dc1d5\" data-element_type=\"widget\" data-e-type=\"widget\" data-widget_type=\"elementskit-heading.default\">\n\t\t\t\t<div class=\"elementor-widget-container\">\n\t\t\t\t\t<div class=\"ekit-wid-con\" ><div class=\"ekit-heading elementskit-section-title-wraper text_left   ekit_heading_tablet-text_center   ekit_heading_mobile-text_center\"><h2 class=\"ekit-heading--title elementskit-section-title \">Entdecken Sie <span>neue kulinarische Innovationen<\/span><\/h2>\t\t\t\t<div class='ekit-heading__description'>\n\t\t\t\t\t<p>Wir sind mehr als nur ein Rohstofflieferant. Wir verleihen Ihren Produkten Geschmack und heben Sie so von der Konkurrenz ab. Mit unserem intern hergestellten Angebot gew\u00e4hrleisten wir Qualit\u00e4t in jeder Phase der Entstehung. Es ist unsere St\u00e4rke, mit den sich st\u00e4ndig weiterentwickelnden Branchentrends Schritt zu halten. Unsere Experten stehen Ihnen jederzeit zur Verf\u00fcgung, um Sie \u00fcber die neuesten Entwicklungen zu informieren und Ihnen dabei zu helfen, auf dem Markt die Nase vorn zu behalten.<\/p>\n\t\t\t\t<\/div>\n\t\t\t<\/div><\/div>\t\t\t\t<\/div>\n\t\t\t\t<\/div>\n\t\t\t\t<\/div>\n\t\t\t\t\t<\/div>\n\t\t\t\t<\/div>\n\t\t<div class=\"elementor-element elementor-element-5bbc9176 e-flex e-con-boxed e-con e-parent\" data-id=\"5bbc9176\" data-element_type=\"container\" data-e-type=\"container\" data-settings=\"{&quot;background_background&quot;:&quot;classic&quot;,&quot;jet_parallax_layout_list&quot;:[]}\">\n\t\t\t\t\t<div class=\"e-con-inner\">\n\t\t<div class=\"elementor-element elementor-element-536bb0f9 e-con-full e-flex e-con e-child\" data-id=\"536bb0f9\" data-element_type=\"container\" data-e-type=\"container\" data-settings=\"{&quot;jet_parallax_layout_list&quot;:[]}\">\n\t\t\t\t<div class=\"elementor-element elementor-element-61b6f44a ekit-equal-height-disable elementor-widget elementor-widget-elementskit-icon-box\" data-id=\"61b6f44a\" data-element_type=\"widget\" data-e-type=\"widget\" data-widget_type=\"elementskit-icon-box.default\">\n\t\t\t\t<div class=\"elementor-widget-container\">\n\t\t\t\t\t<div class=\"ekit-wid-con\" >        <!-- link opening -->\n                <!-- end link opening -->\n\n        <div class=\"elementskit-infobox text-center text-center icon-top-align elementor-animation-   \">\n                    <div class=\"elementskit-box-header elementor-animation-\">\n                <div class=\"elementskit-info-box-icon  \">\n                    \n                <\/div>\n          <\/div>\n                        <div class=\"box-body\">\n                            <h5 class=\"elementskit-info-box-title\">\n                    Wir liefern ma\u00dfgeschneiderte Produkte, die wir gemeinsam definieren.                <\/h5>\n                        \t\t  \t<p>Unser Team aus Marketingexperten, Chefk\u00f6chen und erfahrenen Entwicklern zeigt Ihnen den besten Weg zum Erfolg.<\/p>\n                                <\/div>\n        \n        \n                <\/div>\n        <\/div>\t\t\t\t<\/div>\n\t\t\t\t<\/div>\n\t\t\t\t<\/div>\n\t\t\t\t\t<\/div>\n\t\t\t\t<\/div>\n\t\t<div class=\"elementor-element elementor-element-5bf555f6 e-flex e-con-boxed e-con e-parent\" data-id=\"5bf555f6\" data-element_type=\"container\" data-e-type=\"container\" data-settings=\"{&quot;background_background&quot;:&quot;classic&quot;,&quot;jet_parallax_layout_list&quot;:[]}\">\n\t\t\t\t\t<div class=\"e-con-inner\">\n\t\t<div class=\"elementor-element elementor-element-14c6b9b5 e-con-full e-flex e-con e-child\" data-id=\"14c6b9b5\" data-element_type=\"container\" data-e-type=\"container\" data-settings=\"{&quot;jet_parallax_layout_list&quot;:[]}\">\n\t\t\t\t<div class=\"elementor-element elementor-element-1bd271ba elementor-widget elementor-widget-heading\" data-id=\"1bd271ba\" data-element_type=\"widget\" data-e-type=\"widget\" data-widget_type=\"heading.default\">\n\t\t\t\t<div class=\"elementor-widget-container\">\n\t\t\t\t\t<h5 class=\"elementor-heading-title elementor-size-default\">Was wir bieten<\/h5>\t\t\t\t<\/div>\n\t\t\t\t<\/div>\n\t\t\t\t<div class=\"elementor-element elementor-element-5b193976 elementor-widget-divider--view-line elementor-widget elementor-widget-divider\" data-id=\"5b193976\" data-element_type=\"widget\" data-e-type=\"widget\" data-widget_type=\"divider.default\">\n\t\t\t\t<div class=\"elementor-widget-container\">\n\t\t\t\t\t\t\t<div class=\"elementor-divider\">\n\t\t\t<span class=\"elementor-divider-separator\">\n\t\t\t\t\t\t<\/span>\n\t\t<\/div>\n\t\t\t\t\t\t<\/div>\n\t\t\t\t<\/div>\n\t\t\t\t<div class=\"elementor-element elementor-element-40556ed3 elementor-widget elementor-widget-elementskit-heading\" data-id=\"40556ed3\" data-element_type=\"widget\" data-e-type=\"widget\" data-widget_type=\"elementskit-heading.default\">\n\t\t\t\t<div class=\"elementor-widget-container\">\n\t\t\t\t\t<div class=\"ekit-wid-con\" ><div class=\"ekit-heading elementskit-section-title-wraper text_left   ekit_heading_tablet-text_center   ekit_heading_mobile-text_left\"><h2 class=\"ekit-heading--title elementskit-section-title \">Ganzheitlicher <span>Ansatz<\/span><\/h2>\t\t\t\t<div class='ekit-heading__description'>\n\t\t\t\t\t<p>Unser Team aus Vertrieb, Marketing und Entwicklung arbeitet mit Ihnen zusammen, um die perfekte Geschmacksl\u00f6sung f\u00fcr Ihr Unternehmen zu entwickeln. Wir nutzen die neuesten Trends und Marktzahlen aus Ihrer Branche und arbeiten mit Technologien, die auf Ihre Bed\u00fcrfnisse zugeschnitten sind.<\/p>\n\t\t\t\t<\/div>\n\t\t\t<\/div><\/div>\t\t\t\t<\/div>\n\t\t\t\t<\/div>\n\t\t\t\t<div class=\"elementor-element elementor-element-43e8a391 ekit-equal-height-disable elementor-widget elementor-widget-elementskit-icon-box\" data-id=\"43e8a391\" data-element_type=\"widget\" data-e-type=\"widget\" data-widget_type=\"elementskit-icon-box.default\">\n\t\t\t\t<div class=\"elementor-widget-container\">\n\t\t\t\t\t<div class=\"ekit-wid-con\" >        <!-- link opening -->\n                <a href=\"#\" class=\"ekit_global_links\">\n                <!-- end link opening -->\n\n        <div class=\"elementskit-infobox text-left text-left icon-lef-right-aligin elementor-animation- media  \">\n                    <div class=\"elementskit-box-header elementor-animation-\">\n                <div class=\"elementskit-info-box-icon  text-center\">\n                    <i aria-hidden=\"true\" class=\"elementkit-infobox-icon icon icon-Document-Search\"><\/i>\n                <\/div>\n          <\/div>\n                        <div class=\"box-body\">\n                            <h5 class=\"elementskit-info-box-title\">\n                     Zertifizierungen                 <\/h5>\n                        \t\t  \t<p>Beispielsweise k\u00f6nnen Bio-, Nicht-GVO- oder spezifische Branchenstandards das Bekenntnis zu Qualit\u00e4t und Authentizit\u00e4t best\u00e4tigen.<\/p>\n                                <\/div>\n        \n        \n                <\/div>\n                <\/a>\n        <\/div>\t\t\t\t<\/div>\n\t\t\t\t<\/div>\n\t\t\t\t<\/div>\n\t\t<div class=\"elementor-element elementor-element-3fba9cf4 e-con-full e-flex e-con e-child\" data-id=\"3fba9cf4\" data-element_type=\"container\" data-e-type=\"container\" data-settings=\"{&quot;jet_parallax_layout_list&quot;:[]}\">\n\t\t\t\t<div class=\"elementor-element elementor-element-18567ce7 elementor-widget elementor-widget-image\" data-id=\"18567ce7\" data-element_type=\"widget\" data-e-type=\"widget\" data-widget_type=\"image.default\">\n\t\t\t\t<div class=\"elementor-widget-container\">\n\t\t\t\t\t\t\t\t\t\t\t\t\t\t\t<img decoding=\"async\" width=\"650\" height=\"650\" src=\"https:\/\/www.moguntia.com\/wp-content\/uploads\/2025\/12\/loaded-taco-sauce-650x650-1.png\" class=\"attachment-large size-large wp-image-6715\" alt=\"\" srcset=\"https:\/\/www.moguntia.com\/wp-content\/uploads\/2025\/12\/loaded-taco-sauce-650x650-1.png 650w, https:\/\/www.moguntia.com\/wp-content\/uploads\/2025\/12\/loaded-taco-sauce-650x650-1-300x300.png 300w, https:\/\/www.moguntia.com\/wp-content\/uploads\/2025\/12\/loaded-taco-sauce-650x650-1-150x150.png 150w\" sizes=\"(max-width: 650px) 100vw, 650px\" \/>\t\t\t\t\t\t\t\t\t\t\t\t\t\t\t<\/div>\n\t\t\t\t<\/div>\n\t\t\t\t<\/div>\n\t\t\t\t\t<\/div>\n\t\t\t\t<\/div>\n\t\t<div class=\"elementor-element elementor-element-3b85256b e-con-full e-flex e-con e-child\" data-id=\"3b85256b\" data-element_type=\"container\" data-e-type=\"container\" data-settings=\"{&quot;background_background&quot;:&quot;classic&quot;,&quot;jet_parallax_layout_list&quot;:[]}\">\n\t\t\t\t<div class=\"elementor-element elementor-element-38b6fd45 elementor-view-stacked elementor-shape-circle elementor-widget elementor-widget-icon\" data-id=\"38b6fd45\" data-element_type=\"widget\" data-e-type=\"widget\" data-widget_type=\"icon.default\">\n\t\t\t\t<div class=\"elementor-widget-container\">\n\t\t\t\t\t\t\t<div class=\"elementor-icon-wrapper\">\n\t\t\t<a class=\"elementor-icon\" href=\"https:\/\/www.moguntia.com\/de\/kontaktieren-sie-uns\/\">\n\t\t\t<i aria-hidden=\"true\" class=\"icon icon-envelope3\"><\/i>\t\t\t<\/a>\n\t\t<\/div>\n\t\t\t\t\t\t<\/div>\n\t\t\t\t<\/div>\n\t\t\t\t<div class=\"elementor-element elementor-element-53e5f401 elementor-widget elementor-widget-elementskit-heading\" data-id=\"53e5f401\" data-element_type=\"widget\" data-e-type=\"widget\" data-widget_type=\"elementskit-heading.default\">\n\t\t\t\t<div class=\"elementor-widget-container\">\n\t\t\t\t\t<div class=\"ekit-wid-con\" ><div class=\"ekit-heading elementskit-section-title-wraper text_center   ekit_heading_tablet-text_center   ekit_heading_mobile-\"><h4 class=\"ekit-heading--subtitle elementskit-section-subtitle  \">\n\t\t\t\t\t\tKontaktieren Sie uns!\n\t\t\t\t\t<\/h4><\/div><\/div>\t\t\t\t<\/div>\n\t\t\t\t<\/div>\n\t\t\t\t<\/div>\n\t\t\t\t<\/div>\n\t\t","protected":false},"excerpt":{"rendered":"<p>Lebensmittelindustrie Revolution\u00e4re Aromen Der perfekter Partner Entdecken Sie neue kulinarische Innovationen Wir sind mehr als nur ein Rohstofflieferant. Wir verleihen Ihren Produkten Geschmack und heben Sie so von der Konkurrenz ab. Mit unserem intern hergestellten Angebot gew\u00e4hrleisten wir Qualit\u00e4t in jeder Phase der Entstehung. Es ist unsere St\u00e4rke, mit den sich st\u00e4ndig weiterentwickelnden Branchentrends Schritt [&hellip;]<\/p>\n","protected":false},"author":8,"featured_media":0,"parent":0,"menu_order":0,"comment_status":"closed","ping_status":"closed","template":"","meta":{"footnotes":""},"class_list":["post-7410","page","type-page","status-publish","hentry"],"yoast_head":"<!-- This site is optimized with the Yoast SEO plugin v27.3 - https:\/\/yoast.com\/product\/yoast-seo-wordpress\/ -->\n<title>Lebensmittelindustrie - MOGUNTIA FOOD GROUP<\/title>\n<meta name=\"robots\" content=\"index, follow, max-snippet:-1, max-image-preview:large, max-video-preview:-1\" \/>\n<link rel=\"canonical\" href=\"https:\/\/www.moguntia.com\/de\/lebensmittelindustrie\/\" \/>\n<meta property=\"og:locale\" content=\"de_DE\" \/>\n<meta property=\"og:type\" content=\"article\" \/>\n<meta property=\"og:title\" content=\"Lebensmittelindustrie - MOGUNTIA FOOD GROUP\" \/>\n<meta property=\"og:description\" content=\"Lebensmittelindustrie Revolution\u00e4re Aromen Der perfekter Partner Entdecken Sie neue kulinarische Innovationen Wir sind mehr als nur ein Rohstofflieferant. Wir verleihen Ihren Produkten Geschmack und heben Sie so von der Konkurrenz ab. Mit unserem intern hergestellten Angebot gew\u00e4hrleisten wir Qualit\u00e4t in jeder Phase der Entstehung. Es ist unsere St\u00e4rke, mit den sich st\u00e4ndig weiterentwickelnden Branchentrends Schritt [&hellip;]\" \/>\n<meta property=\"og:url\" content=\"https:\/\/www.moguntia.com\/de\/lebensmittelindustrie\/\" \/>\n<meta property=\"og:site_name\" content=\"MOGUNTIA FOOD GROUP\" \/>\n<meta property=\"article:publisher\" content=\"https:\/\/www.facebook.com\/moguntiafoodgroup\/\" \/>\n<meta property=\"article:modified_time\" content=\"2026-02-18T14:56:00+00:00\" \/>\n<meta property=\"og:image\" content=\"https:\/\/www.moguntia.com\/wp-content\/uploads\/2025\/12\/salami-sticks-650x650-1.png\" \/>\n\t<meta property=\"og:image:width\" content=\"650\" \/>\n\t<meta property=\"og:image:height\" content=\"650\" \/>\n\t<meta property=\"og:image:type\" content=\"image\/png\" \/>\n<meta name=\"twitter:card\" content=\"summary_large_image\" \/>\n<meta name=\"twitter:label1\" content=\"Gesch\u00e4tzte Lesezeit\" \/>\n\t<meta name=\"twitter:data1\" content=\"1\u00a0Minute\" \/>\n<script type=\"application\/ld+json\" class=\"yoast-schema-graph\">{\"@context\":\"https:\\\/\\\/schema.org\",\"@graph\":[{\"@type\":\"WebPage\",\"@id\":\"https:\\\/\\\/www.moguntia.com\\\/de\\\/lebensmittelindustrie\\\/\",\"url\":\"https:\\\/\\\/www.moguntia.com\\\/de\\\/lebensmittelindustrie\\\/\",\"name\":\"Lebensmittelindustrie - MOGUNTIA FOOD GROUP\",\"isPartOf\":{\"@id\":\"https:\\\/\\\/www.moguntia.com\\\/de\\\/#website\"},\"primaryImageOfPage\":{\"@id\":\"https:\\\/\\\/www.moguntia.com\\\/de\\\/lebensmittelindustrie\\\/#primaryimage\"},\"image\":{\"@id\":\"https:\\\/\\\/www.moguntia.com\\\/de\\\/lebensmittelindustrie\\\/#primaryimage\"},\"thumbnailUrl\":\"https:\\\/\\\/www.moguntia.com\\\/wp-content\\\/uploads\\\/2025\\\/12\\\/salami-sticks-650x650-1.png\",\"datePublished\":\"2026-02-10T07:57:20+00:00\",\"dateModified\":\"2026-02-18T14:56:00+00:00\",\"breadcrumb\":{\"@id\":\"https:\\\/\\\/www.moguntia.com\\\/de\\\/lebensmittelindustrie\\\/#breadcrumb\"},\"inLanguage\":\"de\",\"potentialAction\":[{\"@type\":\"ReadAction\",\"target\":[\"https:\\\/\\\/www.moguntia.com\\\/de\\\/lebensmittelindustrie\\\/\"]}]},{\"@type\":\"ImageObject\",\"inLanguage\":\"de\",\"@id\":\"https:\\\/\\\/www.moguntia.com\\\/de\\\/lebensmittelindustrie\\\/#primaryimage\",\"url\":\"https:\\\/\\\/www.moguntia.com\\\/wp-content\\\/uploads\\\/2025\\\/12\\\/salami-sticks-650x650-1.png\",\"contentUrl\":\"https:\\\/\\\/www.moguntia.com\\\/wp-content\\\/uploads\\\/2025\\\/12\\\/salami-sticks-650x650-1.png\"},{\"@type\":\"BreadcrumbList\",\"@id\":\"https:\\\/\\\/www.moguntia.com\\\/de\\\/lebensmittelindustrie\\\/#breadcrumb\",\"itemListElement\":[{\"@type\":\"ListItem\",\"position\":1,\"name\":\"Home\",\"item\":\"https:\\\/\\\/www.moguntia.com\\\/de\\\/\"},{\"@type\":\"ListItem\",\"position\":2,\"name\":\"Lebensmittelindustrie\"}]},{\"@type\":\"WebSite\",\"@id\":\"https:\\\/\\\/www.moguntia.com\\\/de\\\/#website\",\"url\":\"https:\\\/\\\/www.moguntia.com\\\/de\\\/\",\"name\":\"MOGUNTIA FOOD GROUP\",\"description\":\"Taste the power of Food\",\"publisher\":{\"@id\":\"https:\\\/\\\/www.moguntia.com\\\/de\\\/#organization\"},\"potentialAction\":[{\"@type\":\"SearchAction\",\"target\":{\"@type\":\"EntryPoint\",\"urlTemplate\":\"https:\\\/\\\/www.moguntia.com\\\/de\\\/?s={search_term_string}\"},\"query-input\":{\"@type\":\"PropertyValueSpecification\",\"valueRequired\":true,\"valueName\":\"search_term_string\"}}],\"inLanguage\":\"de\"},{\"@type\":\"Organization\",\"@id\":\"https:\\\/\\\/www.moguntia.com\\\/de\\\/#organization\",\"name\":\"MOGUNTIA FOOD GROUP\",\"url\":\"https:\\\/\\\/www.moguntia.com\\\/de\\\/\",\"logo\":{\"@type\":\"ImageObject\",\"inLanguage\":\"de\",\"@id\":\"https:\\\/\\\/www.moguntia.com\\\/de\\\/#\\\/schema\\\/logo\\\/image\\\/\",\"url\":\"https:\\\/\\\/www.moguntia.com\\\/wp-content\\\/uploads\\\/2026\\\/02\\\/Logo-primary-blau-HG-scaliert-scaled-1.png\",\"contentUrl\":\"https:\\\/\\\/www.moguntia.com\\\/wp-content\\\/uploads\\\/2026\\\/02\\\/Logo-primary-blau-HG-scaliert-scaled-1.png\",\"width\":2560,\"height\":907,\"caption\":\"MOGUNTIA FOOD GROUP\"},\"image\":{\"@id\":\"https:\\\/\\\/www.moguntia.com\\\/de\\\/#\\\/schema\\\/logo\\\/image\\\/\"},\"sameAs\":[\"https:\\\/\\\/www.facebook.com\\\/moguntiafoodgroup\\\/\"]}]}<\/script>\n<!-- \/ Yoast SEO plugin. -->","yoast_head_json":{"title":"Lebensmittelindustrie - MOGUNTIA FOOD GROUP","robots":{"index":"index","follow":"follow","max-snippet":"max-snippet:-1","max-image-preview":"max-image-preview:large","max-video-preview":"max-video-preview:-1"},"canonical":"https:\/\/www.moguntia.com\/de\/lebensmittelindustrie\/","og_locale":"de_DE","og_type":"article","og_title":"Lebensmittelindustrie - MOGUNTIA FOOD GROUP","og_description":"Lebensmittelindustrie Revolution\u00e4re Aromen Der perfekter Partner Entdecken Sie neue kulinarische Innovationen Wir sind mehr als nur ein Rohstofflieferant. Wir verleihen Ihren Produkten Geschmack und heben Sie so von der Konkurrenz ab. Mit unserem intern hergestellten Angebot gew\u00e4hrleisten wir Qualit\u00e4t in jeder Phase der Entstehung. Es ist unsere St\u00e4rke, mit den sich st\u00e4ndig weiterentwickelnden Branchentrends Schritt [&hellip;]","og_url":"https:\/\/www.moguntia.com\/de\/lebensmittelindustrie\/","og_site_name":"MOGUNTIA FOOD GROUP","article_publisher":"https:\/\/www.facebook.com\/moguntiafoodgroup\/","article_modified_time":"2026-02-18T14:56:00+00:00","og_image":[{"width":650,"height":650,"url":"https:\/\/www.moguntia.com\/wp-content\/uploads\/2025\/12\/salami-sticks-650x650-1.png","type":"image\/png"}],"twitter_card":"summary_large_image","twitter_misc":{"Gesch\u00e4tzte Lesezeit":"1\u00a0Minute"},"schema":{"@context":"https:\/\/schema.org","@graph":[{"@type":"WebPage","@id":"https:\/\/www.moguntia.com\/de\/lebensmittelindustrie\/","url":"https:\/\/www.moguntia.com\/de\/lebensmittelindustrie\/","name":"Lebensmittelindustrie - MOGUNTIA FOOD GROUP","isPartOf":{"@id":"https:\/\/www.moguntia.com\/de\/#website"},"primaryImageOfPage":{"@id":"https:\/\/www.moguntia.com\/de\/lebensmittelindustrie\/#primaryimage"},"image":{"@id":"https:\/\/www.moguntia.com\/de\/lebensmittelindustrie\/#primaryimage"},"thumbnailUrl":"https:\/\/www.moguntia.com\/wp-content\/uploads\/2025\/12\/salami-sticks-650x650-1.png","datePublished":"2026-02-10T07:57:20+00:00","dateModified":"2026-02-18T14:56:00+00:00","breadcrumb":{"@id":"https:\/\/www.moguntia.com\/de\/lebensmittelindustrie\/#breadcrumb"},"inLanguage":"de","potentialAction":[{"@type":"ReadAction","target":["https:\/\/www.moguntia.com\/de\/lebensmittelindustrie\/"]}]},{"@type":"ImageObject","inLanguage":"de","@id":"https:\/\/www.moguntia.com\/de\/lebensmittelindustrie\/#primaryimage","url":"https:\/\/www.moguntia.com\/wp-content\/uploads\/2025\/12\/salami-sticks-650x650-1.png","contentUrl":"https:\/\/www.moguntia.com\/wp-content\/uploads\/2025\/12\/salami-sticks-650x650-1.png"},{"@type":"BreadcrumbList","@id":"https:\/\/www.moguntia.com\/de\/lebensmittelindustrie\/#breadcrumb","itemListElement":[{"@type":"ListItem","position":1,"name":"Home","item":"https:\/\/www.moguntia.com\/de\/"},{"@type":"ListItem","position":2,"name":"Lebensmittelindustrie"}]},{"@type":"WebSite","@id":"https:\/\/www.moguntia.com\/de\/#website","url":"https:\/\/www.moguntia.com\/de\/","name":"MOGUNTIA FOOD GROUP","description":"Taste the power of Food","publisher":{"@id":"https:\/\/www.moguntia.com\/de\/#organization"},"potentialAction":[{"@type":"SearchAction","target":{"@type":"EntryPoint","urlTemplate":"https:\/\/www.moguntia.com\/de\/?s={search_term_string}"},"query-input":{"@type":"PropertyValueSpecification","valueRequired":true,"valueName":"search_term_string"}}],"inLanguage":"de"},{"@type":"Organization","@id":"https:\/\/www.moguntia.com\/de\/#organization","name":"MOGUNTIA FOOD GROUP","url":"https:\/\/www.moguntia.com\/de\/","logo":{"@type":"ImageObject","inLanguage":"de","@id":"https:\/\/www.moguntia.com\/de\/#\/schema\/logo\/image\/","url":"https:\/\/www.moguntia.com\/wp-content\/uploads\/2026\/02\/Logo-primary-blau-HG-scaliert-scaled-1.png","contentUrl":"https:\/\/www.moguntia.com\/wp-content\/uploads\/2026\/02\/Logo-primary-blau-HG-scaliert-scaled-1.png","width":2560,"height":907,"caption":"MOGUNTIA FOOD GROUP"},"image":{"@id":"https:\/\/www.moguntia.com\/de\/#\/schema\/logo\/image\/"},"sameAs":["https:\/\/www.facebook.com\/moguntiafoodgroup\/"]}]}},"_links":{"self":[{"href":"https:\/\/www.moguntia.com\/de\/wp-json\/wp\/v2\/pages\/7410","targetHints":{"allow":["GET"]}}],"collection":[{"href":"https:\/\/www.moguntia.com\/de\/wp-json\/wp\/v2\/pages"}],"about":[{"href":"https:\/\/www.moguntia.com\/de\/wp-json\/wp\/v2\/types\/page"}],"author":[{"embeddable":true,"href":"https:\/\/www.moguntia.com\/de\/wp-json\/wp\/v2\/users\/8"}],"replies":[{"embeddable":true,"href":"https:\/\/www.moguntia.com\/de\/wp-json\/wp\/v2\/comments?post=7410"}],"version-history":[{"count":10,"href":"https:\/\/www.moguntia.com\/de\/wp-json\/wp\/v2\/pages\/7410\/revisions"}],"predecessor-version":[{"id":8352,"href":"https:\/\/www.moguntia.com\/de\/wp-json\/wp\/v2\/pages\/7410\/revisions\/8352"}],"wp:attachment":[{"href":"https:\/\/www.moguntia.com\/de\/wp-json\/wp\/v2\/media?parent=7410"}],"curies":[{"name":"wp","href":"https:\/\/api.w.org\/{rel}","templated":true}]}}